{"id":649,"date":"2024-01-28T16:04:01","date_gmt":"2024-01-28T21:04:01","guid":{"rendered":"https:\/\/309lab.ca\/?page_id=649"},"modified":"2024-11-13T10:56:51","modified_gmt":"2024-11-13T15:56:51","slug":"politique-de-confidentialite","status":"publish","type":"page","link":"https:\/\/309lab.ca\/fr\/politique-de-confidentialite\/","title":{"rendered":"Politique de confidentialit\u00e9"},"content":{"rendered":"<div class=\"wpb-content-wrapper\">[vc_row][vc_column][vc_column_text]\n<h1>Politique de confidentialit\u00e9<\/h1>\n<p>Afin de prot\u00e9ger la vie priv\u00e9e de tous et chacun, 309LAB s\u2019engage \u00e0 respecter la confidentialit\u00e9 des renseignements personnels qu\u2019il collecte.<\/p>\n<p>\u00c0 cette fin, elle a d\u00e9sign\u00e9 l\u2019\u00e9quipe du service \u00e0 la client\u00e8le comme personne responsable de la protection des renseignements personnels. Ses coordonn\u00e9es sont:<\/p>\n<p>L\u2019\u00e9quipe du service \u00e0 la client\u00e8le<br \/>\n<a href=\"tel:18333095227\">1-833-309-5227<\/a><br \/>\n<a href=\"mailto:info@309lab.ca\">info@309lab.ca<\/a><\/p>\n<h3>Collecte des renseignements personnels<\/h3>\n<p>309LAB proc\u00e9dera \u00e0 la collecte des renseignements suivants:<\/p>\n<ul>\n<li>Nom<\/li>\n<li>Pr\u00e9nom<\/li>\n<li>Adresse \u00e9lectronique<\/li>\n<li>Num\u00e9ro de t\u00e9l\u00e9phone<\/li>\n<\/ul>\n<p>Les renseignements personnels seront recueillis gr\u00e2ce \u00e0 l\u2019interactivit\u00e9 \u00e9tablie entre vous et notre site web.<\/p>\n<p>Tel qu\u2019indiqu\u00e9 dans la section suivante, nous utiliserons \u00e9galement des formulaires, fichiers t\u00e9moins et\/ou journaux pour r\u00e9unir des informations vous concernant.<\/p>\n<h3>Formulaires et interactivit\u00e9<\/h3>\n<p>Vos renseignements personnels sont collect\u00e9s par le biais de votre Formulaire d\u2019inscription au site web ainsi que par l\u2019interactivit\u00e9 pouvant s\u2019\u00e9tablir entre vous et notre site web.<\/p>\n<h3>Droit d\u2019opposition et de retrait<\/h3>\n<p>309LAB s\u2019engage \u00e0 vous offrir un droit d\u2019opposition et de retrait quant \u00e0 vos renseignements personnels.<br \/>\nTout internaute peut en cons\u00e9quence refuser que leurs renseignements personnels soient utilis\u00e9s \u00e0 certaines fins mentionn\u00e9es lors de la collecte.<\/p>\n<p>Tout internaute peut aussi demander \u00e0 ce que leurs renseignements personnels ne figurent plus par exemple, dans une liste de diffusion.<\/p>\n<p>Pour pouvoir exercer ces droits, vous pouvez communiquer avec nous aupr\u00e8s de:<\/p>\n<p>L\u2019\u00e9quipe du service \u00e0 la client\u00e8le<br \/>\n<a href=\"mailto:info@309lab.ca\">info@309lab.ca<\/a><\/p>\n<p>T\u00e9l\u00e9phone: 1-833-309-5227<\/p>\n<h3>Droit d\u2019acc\u00e8s<\/h3>\n<p>309LAB s\u2019engage de plus \u00e0 reconnaitre un droit d\u2019acc\u00e8s et de restriction aux personnes concern\u00e9es d\u00e9sireux de consulter, modifier, et\/ou radier les informations les concernant.<br \/>\nPour le faire, vous pouvez communiquer avec nous aupr\u00e8s de:<\/p>\n<p>L\u2019\u00e9quipe du service \u00e0 la client\u00e8le<\/p>\n<p><a href=\"mailto:info@309lab.ca\">info@309lab.ca<\/a><br \/>\n<a href=\"tel:18333095227\">1-833-309-5227<\/a>[\/vc_column_text][\/vc_column][\/vc_row]\n<\/div>","protected":false},"excerpt":{"rendered":"<p>[vc_row][vc_column][vc_column_text] Politique de confidentialit\u00e9 Afin de prot\u00e9ger la vie priv\u00e9e de tous et chacun, 309LAB s\u2019engage \u00e0 respecter la confidentialit\u00e9 des renseignements personnels qu\u2019il collecte. \u00c0 cette fin, elle a d\u00e9sign\u00e9 l\u2019\u00e9quipe du service \u00e0 la client\u00e8le comme personne responsable de la protection des renseignements personnels. Ses coordonn\u00e9es sont: L\u2019\u00e9quipe du service \u00e0 la client\u00e8le 1-833-309-5227 info@309lab.ca Collecte des renseignements &#8230;<\/p>\n","protected":false},"author":2,"featured_media":0,"parent":0,"menu_order":0,"comment_status":"closed","ping_status":"open","template":"template-blank-1.php","meta":{"_monsterinsights_skip_tracking":false,"_monsterinsights_sitenote_active":false,"_monsterinsights_sitenote_note":"","_monsterinsights_sitenote_category":0,"footnotes":""},"class_list":["post-649","page","type-page","status-publish","hentry","no-post-thumbnail"],"_links":{"self":[{"href":"https:\/\/309lab.ca\/fr\/wp-json\/wp\/v2\/pages\/649","targetHints":{"allow":["GET"]}}],"collection":[{"href":"https:\/\/309lab.ca\/fr\/wp-json\/wp\/v2\/pages"}],"about":[{"href":"https:\/\/309lab.ca\/fr\/wp-json\/wp\/v2\/types\/page"}],"author":[{"embeddable":true,"href":"https:\/\/309lab.ca\/fr\/wp-json\/wp\/v2\/users\/2"}],"replies":[{"embeddable":true,"href":"https:\/\/309lab.ca\/fr\/wp-json\/wp\/v2\/comments?post=649"}],"version-history":[{"count":2,"href":"https:\/\/309lab.ca\/fr\/wp-json\/wp\/v2\/pages\/649\/revisions"}],"predecessor-version":[{"id":655,"href":"https:\/\/309lab.ca\/fr\/wp-json\/wp\/v2\/pages\/649\/revisions\/655"}],"wp:attachment":[{"href":"https:\/\/309lab.ca\/fr\/wp-json\/wp\/v2\/media?parent=649"}],"curies":[{"name":"wp","href":"https:\/\/api.w.org\/{rel}","templated":true}]}}