{"id":411,"date":"2024-11-13T10:56:50","date_gmt":"2024-11-13T15:56:50","guid":{"rendered":"https:\/\/309lab.ca\/?page_id=411"},"modified":"2024-11-13T11:56:44","modified_gmt":"2024-11-13T16:56:44","slug":"carriere","status":"publish","type":"page","link":"https:\/\/309lab.ca\/fr\/carriere\/","title":{"rendered":"Carri\u00e8re"},"content":{"rendered":"<div class=\"wpb-content-wrapper\">[vc_row full_width=\u00a0\u00bbstretch_row_content_no_spaces\u00a0\u00bb equal_height=\u00a0\u00bbyes\u00a0\u00bb el_class=\u00a0\u00bbsection-careers-intro\u00a0\u00bb][vc_column width=\u00a0\u00bb4\/12&Prime; el_class=\u00a0\u00bbsection-right vc_col-sm-push-8&Prime;][vc_column_text el_class=\u00a0\u00bbtitres\u00a0\u00bb]\n<h1 style=\"text-align: left;\">Les bonnes personnes<\/h1>\n[\/vc_column_text][vc_column_text el_class=\u00a0\u00bbsous-titres\u00a0\u00bb]\n<h2>Nous souhaitons b\u00e2tir une \u00e9quipe forte et\u00a0 comp\u00e9tente.<\/h2>\n[\/vc_column_text][vc_column_text el_class=\u00a0\u00bbparagraphe desktop-only\u00a0\u00bb]\n<p class=\"p1\">Chez 309 LAB, nous recherchons des sp\u00e9cialistes du cannabis avec une attitude g\u00e9n\u00e9raliste. Si vous avez des comp\u00e9tences particuli\u00e8res ainsi qu&rsquo;une volont\u00e9 d&rsquo;apprentissage continu, vous pourriez \u00eatre la bonne personne pour nous. Notre \u00e9quipe est comme une petite famille, priorisant les bonnes relations et les valeurs communes.<\/p>\n<p class=\"p1\">Si vous pensez que votre personnalit\u00e9 est un bon match et que vous pourriez nous aider \u00e0 faire mieux, nous serions ravis de tout savoir sur vous.<\/p>\n[\/vc_column_text][\/vc_column][vc_column width=\u00a0\u00bb8\/12&Prime; css=\u00a0\u00bb.vc_custom_1604930633209{background-position: center !important;background-repeat: no-repeat !important;background-size: cover !important;}\u00a0\u00bb el_class=\u00a0\u00bbsection-left vc_col-sm-pull-4&Prime;][vc_row_inner el_class=\u00a0\u00bbvideo-outer-div\u00a0\u00bb][vc_column_inner][vc_raw_html el_class=\u00a0\u00bbcareers-video-html\u00a0\u00bb]JTNDdmlkZW8lMjBhdXRvcGxheSUyMGxvb3AlMjBtdXRlZCUyMHBsYXlzaW5saW5lJTIwY2xhc3MlM0QlMjJjYXJlZXJzLXZpZGVvJTIyJTNFJTBBJTA5JTA5JTA5JTA5JTNDc291cmNlJTIwZGF0YS1zcmMlM0QlMjIlMkZ3cC1jb250ZW50JTJGdXBsb2FkcyUyRnZpZGVvJTJGZXF1aXBlX2xvdy5tcDQlMjIlMjB0eXBlJTNEJTIydmlkZW8lMkZtcDQlMjIlMjBzcmMlM0QlMjIlMkZ3cC1jb250ZW50JTJGdXBsb2FkcyUyRnZpZGVvJTJGZXF1aXBlX2xvdy5tcDQlMjIlM0UlMEElMDklM0MlMkZ2aWRlbyUzRQ==[\/vc_raw_html][\/vc_column_inner][\/vc_row_inner][vc_column_text el_class=\u00a0\u00bbparagraphe iphone-only\u00a0\u00bb]\n<p class=\"p1\">Chez 309 LAB, nous recherchons des sp\u00e9cialistes du cannabis comp\u00e9tents avec une attitude d&rsquo;apprentissage continue. Notre \u00e9quipe est comme une petite famille, priorisant les bonnes relations et les valeurs communes.<\/p>\n<p class=\"p1\">Si vous pensez que votre personnalit\u00e9 est un bon match et que vous pourriez nous aider \u00e0 faire mieux, nous serions ravis de tout savoir sur vous.<\/p>\n[\/vc_column_text][\/vc_column][\/vc_row][vc_row full_width=\u00a0\u00bbstretch_row_content_no_spaces\u00a0\u00bb equal_height=\u00a0\u00bbyes\u00a0\u00bb content_placement=\u00a0\u00bbmiddle\u00a0\u00bb el_class=\u00a0\u00bbsection-careers-form\u00a0\u00bb][vc_column width=\u00a0\u00bb1\/2&Prime; el_class=\u00a0\u00bbsection-left\u00a0\u00bb][vc_column_text el_class=\u00a0\u00bbsous-titres bolder\u00a0\u00bb]\n<h2 style=\"text-align: center;\">Des d\u00e9fis passionnants vous attendent<\/h2>\n[\/vc_column_text][vc_column_text el_class=\u00a0\u00bbsous-titres\u00a0\u00bb]\n<h2 style=\"text-align: center;\">Envoyez-nous votre CV \/ portfolio.<\/h2>\n[\/vc_column_text][vc_row_inner el_class=\u00a0\u00bbcareers-form\u00a0\u00bb][vc_column_inner]<script type=\"text\/javascript\">if(!gform){document.addEventListener(\"gform_main_scripts_loaded\",function(){gform.scriptsLoaded=!0}),window.addEventListener(\"DOMContentLoaded\",function(){gform.domLoaded=!0});var gform={domLoaded:!1,scriptsLoaded:!1,initializeOnLoaded:function(o){gform.domLoaded&&gform.scriptsLoaded?o():!gform.domLoaded&&gform.scriptsLoaded?window.addEventListener(\"DOMContentLoaded\",o):document.addEventListener(\"gform_main_scripts_loaded\",o)},hooks:{action:{},filter:{}},addAction:function(o,n,r,t){gform.addHook(\"action\",o,n,r,t)},addFilter:function(o,n,r,t){gform.addHook(\"filter\",o,n,r,t)},doAction:function(o){gform.doHook(\"action\",o,arguments)},applyFilters:function(o){return gform.doHook(\"filter\",o,arguments)},removeAction:function(o,n){gform.removeHook(\"action\",o,n)},removeFilter:function(o,n,r){gform.removeHook(\"filter\",o,n,r)},addHook:function(o,n,r,t,i){null==gform.hooks[o][n]&&(gform.hooks[o][n]=[]);var e=gform.hooks[o][n];null==i&&(i=n+\"_\"+e.length),null==t&&(t=10),gform.hooks[o][n].push({tag:i,callable:r,priority:t})},doHook:function(o,n,r){if(r=Array.prototype.slice.call(r,1),null!=gform.hooks[o][n]){var t,i=gform.hooks[o][n];i.sort(function(o,n){return o.priority-n.priority});for(var e=0;e<i.length;e++)\"function\"!=typeof(t=i[e].callable)&&(t=window[t]),\"action\"==o?t.apply(null,r):r[0]=t.apply(null,r)}if(\"filter\"==o)return r[0]},removeHook:function(o,n,r,t){if(null!=gform.hooks[o][n])for(var i=gform.hooks[o][n],e=i.length-1;0<=e;e--)null!=t&&t!=i[e].tag||null!=r&&r!=i[e].priority||i.splice(e,1)}}}<\/script>\n                <div class='gf_browser_gecko gform_wrapper gform_legacy_markup_wrapper' id='gform_wrapper_4' ><div id='gf_4' class='gform_anchor' tabindex='-1'><\/div><form method='post' enctype='multipart\/form-data' target='gform_ajax_frame_4' id='gform_4'  action='\/fr\/wp-json\/wp\/v2\/pages\/411#gf_4' >\n                        <div class='gform_body gform-body'><ul id='gform_fields_4' class='gform_fields top_label form_sublabel_below description_below'><li id=\"field_4_1\" class=\"gfield gfield_contains_required field_sublabel_below field_description_below hidden_label gfield_visibility_visible\" ><label class='gfield_label' for='input_4_1' >Nom complet<span class=\"gfield_required\"><span class=\"gfield_required gfield_required_asterisk\">*<\/span><\/span><\/label><div class='ginput_container ginput_container_text'><input name='input_1' id='input_4_1' type='text' value='' class='medium'    placeholder='Nom complet' aria-required=\"true\" aria-invalid=\"false\"   \/> <\/div><\/li><li id=\"field_4_3\" class=\"gfield gfield_contains_required field_sublabel_below field_description_below hidden_label gfield_visibility_visible\" ><label class='gfield_label' for='input_4_3' >T\u00e9l\u00e9phone<span class=\"gfield_required\"><span class=\"gfield_required gfield_required_asterisk\">*<\/span><\/span><\/label><div class='ginput_container ginput_container_phone'><input name='input_3' id='input_4_3' type='text' value='' class='medium'  placeholder='T\u00e9l\u00e9phone' aria-required=\"true\" aria-invalid=\"false\"   \/><\/div><\/li><li id=\"field_4_4\" class=\"gfield gfield_contains_required field_sublabel_below field_description_below hidden_label gfield_visibility_visible\" ><label class='gfield_label' for='input_4_4' >Adresse courriel<span class=\"gfield_required\"><span class=\"gfield_required gfield_required_asterisk\">*<\/span><\/span><\/label><div class='ginput_container ginput_container_email'>\n                            <input name='input_4' id='input_4_4' type='text' value='' class='medium'   placeholder='Adresse courriel' aria-required=\"true\" aria-invalid=\"false\"  \/>\n                        <\/div><\/li><li id=\"field_4_2\" class=\"gfield position gfield_contains_required field_sublabel_below field_description_below hidden_label gfield_visibility_visible\" ><label class='gfield_label' for='input_4_2' >Position<span class=\"gfield_required\"><span class=\"gfield_required gfield_required_asterisk\">*<\/span><\/span><\/label><div class='ginput_container ginput_container_text'><input name='input_2' id='input_4_2' type='text' value='' class='large'    placeholder='Quel type d&#039;emploi recherchez-vous?' aria-required=\"true\" aria-invalid=\"false\"   \/> <\/div><\/li><li id=\"field_4_5\" class=\"gfield gfield_contains_required field_sublabel_below field_description_below gfield_visibility_visible\" ><label class='gfield_label gfield_label_before_complex'  >Nos valeurs fondamentales fa\u00e7onnent tout ce que nous faisons en tant qu&#039;entreprise, \u00eates-vous la bonne personne?<span class=\"gfield_required\"><span class=\"gfield_required gfield_required_asterisk\">*<\/span><\/span><\/label><div class='ginput_container ginput_container_checkbox'><ul class='gfield_checkbox' id='input_4_5'><li class='gchoice gchoice_4_5_1'>\n\t\t\t\t\t\t\t\t<input class='gfield-choice-input' name='input_5.1' type='checkbox'  value='Passionn\u00e9'  id='choice_4_5_1'   \/>\n\t\t\t\t\t\t\t\t<label for='choice_4_5_1' id='label_4_5_1'>Passionn\u00e9<\/label>\n\t\t\t\t\t\t\t<\/li><li class='gchoice gchoice_4_5_2'>\n\t\t\t\t\t\t\t\t<input class='gfield-choice-input' name='input_5.2' type='checkbox'  value='Joueur d&#039;\u00e9quipe'  id='choice_4_5_2'   \/>\n\t\t\t\t\t\t\t\t<label for='choice_4_5_2' id='label_4_5_2'>Joueur d'\u00e9quipe<\/label>\n\t\t\t\t\t\t\t<\/li><li class='gchoice gchoice_4_5_3'>\n\t\t\t\t\t\t\t\t<input class='gfield-choice-input' name='input_5.3' type='checkbox'  value='Orient\u00e9 sur la qualit\u00e9'  id='choice_4_5_3'   \/>\n\t\t\t\t\t\t\t\t<label for='choice_4_5_3' id='label_4_5_3'>Orient\u00e9 sur la qualit\u00e9<\/label>\n\t\t\t\t\t\t\t<\/li><li class='gchoice gchoice_4_5_4'>\n\t\t\t\t\t\t\t\t<input class='gfield-choice-input' name='input_5.4' type='checkbox'  value='Respectueux'  id='choice_4_5_4'   \/>\n\t\t\t\t\t\t\t\t<label for='choice_4_5_4' id='label_4_5_4'>Respectueux<\/label>\n\t\t\t\t\t\t\t<\/li><li class='gchoice gchoice_4_5_5'>\n\t\t\t\t\t\t\t\t<input class='gfield-choice-input' name='input_5.5' type='checkbox'  value='Esprit Innovateur'  id='choice_4_5_5'   \/>\n\t\t\t\t\t\t\t\t<label for='choice_4_5_5' id='label_4_5_5'>Esprit Innovateur<\/label>\n\t\t\t\t\t\t\t<\/li><\/ul><\/div><\/li><li id=\"field_4_6\" class=\"gfield gfield_contains_required field_sublabel_below field_description_below gfield_visibility_visible\" ><label class='gfield_label' for='input_4_6' >T\u00e9l\u00e9chargez votre CV<span class=\"gfield_required\"><span class=\"gfield_required gfield_required_asterisk\">*<\/span><\/span><\/label><div class='ginput_container ginput_container_fileupload'><input type='hidden' name='MAX_FILE_SIZE' value='10485760' \/><input name='input_6' id='input_4_6' type='file' class='medium' aria-describedby=\"gfield_upload_rules_4_6\" onchange='javascript:gformValidateFileSize( this, 10485760 );'  \/><span class='gform_fileupload_rules' id='gfield_upload_rules_4_6'>Types de fichiers accept\u00e9s\u00a0: doc, docx, pdf, Taille max. des fichiers\u00a0: 10 MB.<\/span><div class='validation_message validation_message--hidden-on-empty' id='live_validation_message_4_6'><\/div><\/div><\/li><\/ul><\/div>\n        <div class='gform_footer top_label'> <button class='button' id='gform_submit_button_4'><span>ENVOYER<\/span><\/button> <input type='hidden' name='gform_ajax' value='form_id=4&amp;title=&amp;description=&amp;tabindex=0' \/>\n            <input type='hidden' class='gform_hidden' name='is_submit_4' value='1' \/>\n            <input type='hidden' class='gform_hidden' name='gform_submit' value='4' \/>\n            \n            <input type='hidden' class='gform_hidden' name='gform_unique_id' value='' \/>\n            <input type='hidden' class='gform_hidden' name='state_4' value='WyJbXSIsIjY0ZTI0MmE3MzgwMGExYjVlYzAwODYyNTUzYzI5NjMyIl0=' \/>\n            <input type='hidden' class='gform_hidden' name='gform_target_page_number_4' id='gform_target_page_number_4' value='0' \/>\n            <input type='hidden' class='gform_hidden' name='gform_source_page_number_4' id='gform_source_page_number_4' value='1' \/>\n            <input type='hidden' name='gform_field_values' value='' \/>\n            \n        <\/div>\n                        <p style=\"display: none !important;\" class=\"akismet-fields-container\" data-prefix=\"ak_\"><label>&#916;<textarea name=\"ak_hp_textarea\" cols=\"45\" rows=\"8\" maxlength=\"100\"><\/textarea><\/label><input type=\"hidden\" id=\"ak_js_1\" name=\"ak_js\" value=\"68\"\/><script>document.getElementById( \"ak_js_1\" ).setAttribute( \"value\", ( new Date() ).getTime() );<\/script><\/p><\/form>\n                        <\/div>\n                <iframe style='display:none;width:0px;height:0px;' src='about:blank' name='gform_ajax_frame_4' id='gform_ajax_frame_4' title='Cette iframe contient la logique n\u00e9cessaire pour manipuler Gravity Forms avec Ajax.'><\/iframe>\n                <script type=\"text\/javascript\">\n\/* <![CDATA[ *\/\n gform.initializeOnLoaded( function() {gformInitSpinner( 4, 'https:\/\/309lab.ca\/wp-content\/plugins\/gravityforms\/images\/spinner.svg' );jQuery('#gform_ajax_frame_4').on('load',function(){var contents = jQuery(this).contents().find('*').html();var is_postback = contents.indexOf('GF_AJAX_POSTBACK') >= 0;if(!is_postback){return;}var form_content = jQuery(this).contents().find('#gform_wrapper_4');var is_confirmation = jQuery(this).contents().find('#gform_confirmation_wrapper_4').length > 0;var is_redirect = contents.indexOf('gformRedirect(){') >= 0;var is_form = form_content.length > 0 && ! is_redirect && ! is_confirmation;var mt = parseInt(jQuery('html').css('margin-top'), 10) + parseInt(jQuery('body').css('margin-top'), 10) + 100;if(is_form){jQuery('#gform_wrapper_4').html(form_content.html());if(form_content.hasClass('gform_validation_error')){jQuery('#gform_wrapper_4').addClass('gform_validation_error');} else {jQuery('#gform_wrapper_4').removeClass('gform_validation_error');}setTimeout( function() { \/* delay the scroll by 50 milliseconds to fix a bug in chrome *\/ jQuery(document).scrollTop(jQuery('#gform_wrapper_4').offset().top - mt); }, 50 );if(window['gformInitDatepicker']) {gformInitDatepicker();}if(window['gformInitPriceFields']) {gformInitPriceFields();}var current_page = jQuery('#gform_source_page_number_4').val();gformInitSpinner( 4, 'https:\/\/309lab.ca\/wp-content\/plugins\/gravityforms\/images\/spinner.svg' );jQuery(document).trigger('gform_page_loaded', [4, current_page]);window['gf_submitting_4'] = false;}else if(!is_redirect){var confirmation_content = jQuery(this).contents().find('.GF_AJAX_POSTBACK').html();if(!confirmation_content){confirmation_content = contents;}setTimeout(function(){jQuery('#gform_wrapper_4').replaceWith(confirmation_content);jQuery(document).scrollTop(jQuery('#gf_4').offset().top - mt);jQuery(document).trigger('gform_confirmation_loaded', [4]);window['gf_submitting_4'] = false;wp.a11y.speak(jQuery('#gform_confirmation_message_4').text());}, 50);}else{jQuery('#gform_4').append(contents);if(window['gformRedirect']) {gformRedirect();}}jQuery(document).trigger('gform_post_render', [4, current_page]);} );} ); \n\/* ]]> *\/\n<\/script>\n[\/vc_column_inner][\/vc_row_inner][\/vc_column][vc_column width=\u00a0\u00bb1\/2&Prime; el_class=\u00a0\u00bbgray-box\u00a0\u00bb][\/vc_column][\/vc_row][vc_row disable_element=\u00a0\u00bbyes\u00a0\u00bb el_class=\u00a0\u00bbsection-openings\u00a0\u00bb][vc_column][vc_column_text]\n<h2 style=\"text-align: center;\">Poste<\/h2>\n<p class=\"p1\" style=\"text-align: center;\">Chers passionn\u00e9s de plantes, voici votre chance de participer \u00e0 la construction de quelque chose d&rsquo;exceptionnel!<\/p>\n[\/vc_column_text][vc_row_inner el_class=\u00a0\u00bbsingle-opening\u00a0\u00bb][vc_column_inner][vc_column_text el_class=\u00a0\u00bbsous-titres\u00a0\u00bb]\n<h2>Gestionnaire apr\u00e8s r\u00e9colte<\/h2>\n[\/vc_column_text][vc_column_text el_class=\u00a0\u00bbparagraphe\u00a0\u00bb]Organiser et superviser tous les aspects des fonctions quotidiennes apr\u00e8s la r\u00e9colte, de la r\u00e9colte, la taille, le s\u00e9chage et le s\u00e9chage \u00e0 l\u2019emballage \/ l\u2019exp\u00e9dition, ainsi que les fonctions d\u2019assainissement et d\u2019entretien.[\/vc_column_text][vc_column_text el_class=\u00a0\u00bblien\u00a0\u00bb]\n<p style=\"text-align: right;\"><a href=\"#\">Learn more<\/a><\/p>\n[\/vc_column_text][\/vc_column_inner][\/vc_row_inner][\/vc_column][\/vc_row][vc_row full_width=\u00a0\u00bbstretch_row_content_no_spaces\u00a0\u00bb full_height=\u00a0\u00bbyes\u00a0\u00bb el_class=\u00a0\u00bbsection-meet-us\u00a0\u00bb][vc_column]<div class='gambit_parallax_row' data-bg-align='' data-direction='up' data-opacity='100' data-velocity='-0.3' data-mobile-enabled='parallax-enable-mobile' data-bg-height='483' data-bg-width='1354' data-bg-image='https:\/\/309lab.ca\/wp-content\/uploads\/2024\/11\/careers.jpg' data-bg-repeat='false' data-id='' style='display: none'><\/div>[vc_column_text el_class=\u00a0\u00bbtitres\u00a0\u00bb]\n<h1 style=\"text-align: center;\">Joignez notre \u00e9quipe soud\u00e9e et talentueuse.<\/h1>\n[\/vc_column_text][vc_column_text]\n<p style=\"text-align: center;\"><a href=\"\/fr\/a-propos\/#passionate-people\">Nous rencontrer<\/a><\/p>\n[\/vc_column_text][\/vc_column][\/vc_row]\n<\/div>","protected":false},"excerpt":{"rendered":"<p>[vc_row full_width=\u00a0\u00bbstretch_row_content_no_spaces\u00a0\u00bb equal_height=\u00a0\u00bbyes\u00a0\u00bb el_class=\u00a0\u00bbsection-careers-intro\u00a0\u00bb][vc_column width=\u00a0\u00bb4\/12&Prime; el_class=\u00a0\u00bbsection-right vc_col-sm-push-8&Prime;][vc_column_text el_class=\u00a0\u00bbtitres\u00a0\u00bb] Les bonnes personnes [\/vc_column_text][vc_column_text el_class=\u00a0\u00bbsous-titres\u00a0\u00bb] Nous souhaitons b\u00e2tir une \u00e9quipe forte et\u00a0 comp\u00e9tente. [\/vc_column_text][vc_column_text el_class=\u00a0\u00bbparagraphe desktop-only\u00a0\u00bb] Chez 309 LAB, nous recherchons des sp\u00e9cialistes du cannabis avec une attitude g\u00e9n\u00e9raliste. Si vous avez des comp\u00e9tences particuli\u00e8res ainsi qu&rsquo;une volont\u00e9 d&rsquo;apprentissage continu, vous pourriez \u00eatre la bonne personne pour nous. Notre \u00e9quipe est comme &#8230;<\/p>\n","protected":false},"author":2,"featured_media":0,"parent":0,"menu_order":0,"comment_status":"closed","ping_status":"closed","template":"template-blank-1.php","meta":{"_monsterinsights_skip_tracking":false,"_monsterinsights_sitenote_active":false,"_monsterinsights_sitenote_note":"","_monsterinsights_sitenote_category":0,"footnotes":""},"class_list":["post-411","page","type-page","status-publish","hentry","no-post-thumbnail"],"_links":{"self":[{"href":"https:\/\/309lab.ca\/fr\/wp-json\/wp\/v2\/pages\/411","targetHints":{"allow":["GET"]}}],"collection":[{"href":"https:\/\/309lab.ca\/fr\/wp-json\/wp\/v2\/pages"}],"about":[{"href":"https:\/\/309lab.ca\/fr\/wp-json\/wp\/v2\/types\/page"}],"author":[{"embeddable":true,"href":"https:\/\/309lab.ca\/fr\/wp-json\/wp\/v2\/users\/2"}],"replies":[{"embeddable":true,"href":"https:\/\/309lab.ca\/fr\/wp-json\/wp\/v2\/comments?post=411"}],"version-history":[{"count":8,"href":"https:\/\/309lab.ca\/fr\/wp-json\/wp\/v2\/pages\/411\/revisions"}],"predecessor-version":[{"id":840,"href":"https:\/\/309lab.ca\/fr\/wp-json\/wp\/v2\/pages\/411\/revisions\/840"}],"wp:attachment":[{"href":"https:\/\/309lab.ca\/fr\/wp-json\/wp\/v2\/media?parent=411"}],"curies":[{"name":"wp","href":"https:\/\/api.w.org\/{rel}","templated":true}]}}