{"id":400,"date":"2024-11-13T10:56:51","date_gmt":"2024-11-13T15:56:51","guid":{"rendered":"https:\/\/309lab.ca\/?page_id=400"},"modified":"2024-11-13T11:50:08","modified_gmt":"2024-11-13T16:50:08","slug":"methodologie","status":"publish","type":"page","link":"https:\/\/309lab.ca\/fr\/methodologie\/","title":{"rendered":"M\u00e9thodologie"},"content":{"rendered":"<div class=\"wpb-content-wrapper\">[vc_row full_width=\u00a0\u00bbstretch_row_content_no_spaces\u00a0\u00bb full_height=\u00a0\u00bbyes\u00a0\u00bb equal_height=\u00a0\u00bbyes\u00a0\u00bb el_class=\u00a0\u00bbsection-our-grow-intro\u00a0\u00bb][vc_column][vc_row_inner equal_height=\u00a0\u00bbyes\u00a0\u00bb][vc_column_inner width=\u00a0\u00bb1\/2&Prime;][vc_column_text el_class=\u00a0\u00bbtitres\u00a0\u00bb]\n<h1>M\u00e9thodologie<\/h1>\n[\/vc_column_text][vc_column_text css=\u00a0\u00bb\u00a0\u00bb el_class=\u00a0\u00bbparagraphe\u00a0\u00bb]\n<p class=\"p1\">Chez 309 LAB, nous pensons que tout ce que nous faisons doit s&rsquo;aligner sur notre mission, qui est de produire constamment du cannabis de la meilleure qualit\u00e9 qui soit. Si la technologie peut \u00eatre b\u00e9n\u00e9fique dans certains cas, les bonnes vieilles m\u00e9thodes artisanales restent parfois les meilleures.<\/p>\n[\/vc_column_text][vc_column_text el_class=\u00a0\u00bbparagraphe\u00a0\u00bb]\n<ul>\n<li><a href=\"#innovative\">innovateur<\/a><\/li>\n<li><a href=\"#respectful\">respectueux<\/a><\/li>\n<li><a href=\"#handcrafted\">artisanal<\/a><\/li>\n<\/ul>\n[\/vc_column_text][vc_column_text css=\u00a0\u00bb\u00a0\u00bb el_class=\u00a0\u00bbparagraphe\u00a0\u00bb]Notre approche de la culture est un hybride unique, combinant des techniques artisanales &#8211; comme la culture en coco et l&rsquo;arrosage \u00e0 la main &#8211; avec la pr\u00e9cision et les avantages de la technologie moderne.[\/vc_column_text][\/vc_column_inner][vc_column_inner el_class=\u00a0\u00bbcustom-bg\u00a0\u00bb width=\u00a0\u00bb1\/2&Prime; css=\u00a0\u00bb.vc_custom_1731516604676{background-image: url(https:\/\/309lab.ca\/wp-content\/uploads\/2024\/11\/our_grow.jpg?id=827) !important;background-position: center !important;background-repeat: no-repeat !important;background-size: cover !important;}\u00a0\u00bb][\/vc_column_inner][\/vc_row_inner][vc_column_text el_class=\u00a0\u00bbcannabis-insert\u00a0\u00bb]Cannabis culture[\/vc_column_text][vc_row_inner el_class=\u00a0\u00bbinnovation-item\u00a0\u00bb el_id=\u00a0\u00bbinnovative\u00a0\u00bb][vc_column_inner][vc_column_text el_class=\u00a0\u00bbtitres\u00a0\u00bb]\n<h1>INNOVATION<\/h1>\n[\/vc_column_text][vc_raw_html]JTNDZGl2JTIwY2xhc3MlM0QlMjJpbm5vdmF0aW9uLWxpbmUtY29udGFpbmVyJTIyJTNFJTBBJTNDZGl2JTIwY2xhc3MlM0QlMjJpbm5vdmF0aW9uLWxpbmUlMjIlM0UlM0MlMkZkaXYlM0UlMEElM0NkaXYlMjBjbGFzcyUzRCUyMmlubm92YXRpb24tbGluZS1jaXJjbGUlMjIlM0UlM0MlMkZkaXYlM0UlMEElM0MlMkZkaXYlM0U=[\/vc_raw_html][vc_column_text el_class=\u00a0\u00bbsous-titres\u00a0\u00bb]\n<h2>L&rsquo;INNOVATION DERRI\u00c8RE TOUT<\/h2>\n[\/vc_column_text][vc_column_text css=\u00a0\u00bb\u00a0\u00bb el_class=\u00a0\u00bbparagraphe\u00a0\u00bb]Nous disposons de la derni\u00e8re technologie d&rsquo;\u00e9clairage LED, d&rsquo;un syst\u00e8me avanc\u00e9 de surveillance et de collecte de donn\u00e9es, et nos chambres de culture verticales int\u00e9rieures nous permettent de cultiver les plantes au maximum de leur potentiel.[\/vc_column_text][\/vc_column_inner][\/vc_row_inner][\/vc_column][\/vc_row][vc_row el_class=\u00a0\u00bbsection-icones\u00a0\u00bb][vc_column][vc_row_inner el_class=\u00a0\u00bbicones-row\u00a0\u00bb][vc_column_inner width=\u00a0\u00bb2\/12&Prime;][vc_raw_html]JTNDZGl2JTIwaWQlM0QlMjJsZWQtY29udGFpbmVyJTIyJTNFJTNDJTJGZGl2JTNF[\/vc_raw_html][\/vc_column_inner][vc_column_inner width=\u00a0\u00bb4\/12&Prime;][vc_column_text el_class=\u00a0\u00bbsous-titres\u00a0\u00bb]\n<h2>\u00c9CLAIRAGE LED<\/h2>\n[\/vc_column_text][vc_column_text css=\u00a0\u00bb\u00a0\u00bb el_class=\u00a0\u00bbparagraphe\u00a0\u00bb]\n<p class=\"p1\">Nos lampes de culture LED 1100 watts d&rsquo;<a href=\"https:\/\/ecogtech.com\/\" target=\"_blank\" rel=\"noopener\">ECO Growtech<\/a> offrent une efficacit\u00e9 in\u00e9gal\u00e9e, un meilleur rendement et une meilleure production de trichomes. Nous reproduisons essentiellement la lumi\u00e8re naturelle du soleil dans nos chambres de culture.<\/p>\n[\/vc_column_text][\/vc_column_inner][vc_column_inner width=\u00a0\u00bb2\/12&Prime;][vc_raw_html]JTNDZGl2JTIwaWQlM0QlMjJtb25pdC1jb250YWluZXIlMjIlM0UlM0MlMkZkaXYlM0U=[\/vc_raw_html][\/vc_column_inner][vc_column_inner width=\u00a0\u00bb4\/12&Prime;][vc_column_text el_class=\u00a0\u00bbsous-titres\u00a0\u00bb]\n<h2>SURVEILLANCE ET COLLECTE DE DONN\u00c9ES<\/h2>\n[\/vc_column_text][vc_column_text el_class=\u00a0\u00bbparagraphe\u00a0\u00bb]\n<p class=\"p1\">Notre plateforme de suivi et de gestion int\u00e9grale nous aide, \u00e0 travers les diff\u00e9rents points de notre culture, \u00e0 surveiller \u00e0 distance, les donn\u00e9es sensibles permettant d\u2019am\u00e9liorer l&rsquo;efficacit\u00e9 de nos op\u00e9rations. Notre m\u00e9thode consciencieuse de collecte et d\u2019analyse de donn\u00e9es nous permet ainsi de peaufiner les variables et d\u2019optimiser l&rsquo;environnement au quotidien, et ce, tout au long du cycle de vie naturel de nos plantes.<\/p>\n[\/vc_column_text][\/vc_column_inner][\/vc_row_inner][vc_raw_html]JTNDZGl2JTIwY2xhc3MlM0QlMjJyZXNwZWN0LWxpbmUtY29udGFpbmVyJTIyJTNFJTBBJTNDZGl2JTIwY2xhc3MlM0QlMjJyZXNwZWN0LWxpbmUlMjIlM0UlM0MlMkZkaXYlM0UlMEElM0NkaXYlMjBjbGFzcyUzRCUyMnJlc3BlY3QtbGluZS1jaXJjbGUlMjIlM0UlM0MlMkZkaXYlM0UlMEElM0MlMkZkaXYlM0U=[\/vc_raw_html][\/vc_column][\/vc_row][vc_row full_width=\u00a0\u00bbstretch_row_content_no_spaces\u00a0\u00bb el_class=\u00a0\u00bbsection-respectful\u00a0\u00bb el_id=\u00a0\u00bbrespectful\u00a0\u00bb][vc_column][vc_column_text el_class=\u00a0\u00bbtitres\u00a0\u00bb]\n<h1>Respectueux<\/h1>\n[\/vc_column_text][vc_column_text el_class=\u00a0\u00bbsous-titres\u00a0\u00bb]\n<h2>DES M\u00c9THODES NATURELLES<\/h2>\n[\/vc_column_text][vc_column_text el_class=\u00a0\u00bbparagraphe\u00a0\u00bb]\n<p class=\"p1\" style=\"text-align: right;\">En plus d&rsquo;un programme d&rsquo;assainissement rigoureux, notre programme int\u00e9gr\u00e9 de lutte biologique est une approche proactive lorsqu&rsquo;il s&rsquo;agit de lutter contre les insectes et les ravageurs potentiels. Nous ne croyons pas \u00e0 l&rsquo;utilisation de pesticides car ils sont connus pour endommager et alt\u00e9rer le produit final.<\/p>\n[\/vc_column_text][vc_row_inner el_class=\u00a0\u00bbsection-quote quote-fr\u00a0\u00bb][vc_column_inner][vc_column_text el_class=\u00a0\u00bbcustom-quote\u00a0\u00bb]\n<p class=\"p1\">Donner le plus grand respect \u00e0 l\u2019environnement<br \/>\nnaturel de nos plantes est la bonne chose \u00e0 faire.<\/p>\n[\/vc_column_text][vc_column_text el_class=\u00a0\u00bbnom\u00a0\u00bb]- Curtis Phillips[\/vc_column_text][\/vc_column_inner][\/vc_row_inner][vc_row_inner el_class=\u00a0\u00bbsection-bio\u00a0\u00bb][vc_column_inner][vc_column_text el_class=\u00a0\u00bbsous-titres\u00a0\u00bb]\n<h2 style=\"text-align: center;\">CONTR\u00d4LE BIOLOGIQUE<\/h2>\n[\/vc_column_text][vc_raw_html]JTNDZGl2JTIwaWQlM0QlMjJiaW8tY29udGFpbmVyJTIyJTNFJTNDJTJGZGl2JTNF[\/vc_raw_html][\/vc_column_inner][\/vc_row_inner][\/vc_column][\/vc_row][vc_row full_width=\u00a0\u00bbstretch_row_content_no_spaces\u00a0\u00bb el_class=\u00a0\u00bbsection-handcrafted\u00a0\u00bb el_id=\u00a0\u00bbhandcrafted\u00a0\u00bb][vc_column][vc_raw_html]JTNDZGl2JTIwY2xhc3MlM0QlMjJoYW5kY3JhZnRlZC1saW5lLWNvbnRhaW5lciUyMiUzRSUwQSUzQ2RpdiUyMGNsYXNzJTNEJTIyaGFuZGNyYWZ0ZWQtbGluZSUyMiUzRSUzQyUyRmRpdiUzRSUwQSUzQ2RpdiUyMGNsYXNzJTNEJTIyaGFuZGNyYWZ0ZWQtbGluZS1jaXJjbGUlMjIlM0UlM0MlMkZkaXYlM0UlMEElM0MlMkZkaXYlM0U=[\/vc_raw_html][vc_column_text el_class=\u00a0\u00bbtitres\u00a0\u00bb]\n<h1>Artisanal<\/h1>\n[\/vc_column_text][vc_column_text el_class=\u00a0\u00bbsous-titres\u00a0\u00bb]\n<h2 style=\"text-align: center;\">FAIT \u00c0 LA MAIN AVEC PASSION<\/h2>\n[\/vc_column_text][vc_column_text el_class=\u00a0\u00bbparagraphe\u00a0\u00bb]\n<p class=\"p1\" style=\"text-align: center;\">Aux d\u00e9triment de la plupart des entreprises de l\u2019industrie, nous pr\u00f4nons des m\u00e9thodes plus consciencieuses et naturelles de coupe, de s\u00e9chage ainsi que de <i>curing.<\/i> Nos installations m\u00e9ticuleusement r\u00e9fl\u00e9chies nous permettent de<span class=\"Apple-converted-space\">\u00a0 <\/span>produire du cannabis de la fa\u00e7on la plus artisanale possible, et ce, malgr\u00e9 les conditions climatiques qu\u00e9b\u00e9coises peu favorables.<\/p>\n[\/vc_column_text][\/vc_column][\/vc_row][vc_row el_id=\u00a0\u00bbitems-row\u00a0\u00bb el_class=\u00a0\u00bbsection-items-row\u00a0\u00bb][vc_column][vc_raw_html]JTNDZGl2JTIwY2xhc3MlM0QlMjJhbmltMS1saW5lLWNvbnRhaW5lciUyMiUzRSUwQSUzQ2RpdiUyMGNsYXNzJTNEJTIyYW5pbTEtbGluZSUyMiUzRSUzQyUyRmRpdiUzRSUwQSUwQSUzQyUyRmRpdiUzRQ==[\/vc_raw_html][vc_row_inner equal_height=\u00a0\u00bbyes\u00a0\u00bb content_placement=\u00a0\u00bbmiddle\u00a0\u00bb][vc_column_inner width=\u00a0\u00bb1\/2&Prime;][vc_raw_html css=\u00a0\u00bb\u00a0\u00bb]JTNDZGl2JTIwaWQlM0QlMjJoYW5kd2F0ZXJpbmctY29udGFpbmVyJTIyJTNFJTNDJTJGZGl2JTNF[\/vc_raw_html][\/vc_column_inner][vc_column_inner width=\u00a0\u00bb1\/2&Prime;][vc_column_text css=\u00a0\u00bb\u00a0\u00bb el_class=\u00a0\u00bbsous-titres\u00a0\u00bb]\n<h2>Arrosage \u00e0 la main<\/h2>\n[\/vc_column_text][vc_column_text css=\u00a0\u00bb\u00a0\u00bb el_class=\u00a0\u00bbparagraphe\u00a0\u00bb]\n<p class=\"p1\">Chaque plante a des besoins uniques et absorbe l&rsquo;eau diff\u00e9remment. Cette approche demande plus d&rsquo;attention que l&rsquo;arrosage automatique, mais nous pensons que c&rsquo;est la meilleure m\u00e9thode pour garder nos plantes en bonne sant\u00e9.<\/p>\n[\/vc_column_text][vc_raw_html]JTNDZGl2JTIwY2xhc3MlM0QlMjJjZXJjbGUxJTIyJTNFJTNDJTJGZGl2JTNF[\/vc_raw_html][\/vc_column_inner][\/vc_row_inner][vc_row_inner equal_height=\u00a0\u00bbyes\u00a0\u00bb content_placement=\u00a0\u00bbmiddle\u00a0\u00bb][vc_column_inner width=\u00a0\u00bb1\/2&Prime;][vc_raw_html]JTNDZGl2JTIwaWQlM0QlMjJkcnktY29udGFpbmVyJTIyJTNFJTNDJTJGZGl2JTNF[\/vc_raw_html][\/vc_column_inner][vc_column_inner width=\u00a0\u00bb1\/2&Prime;][vc_column_text el_class=\u00a0\u00bbsous-titres\u00a0\u00bb]\n<h2>S\u00c9CHAGE LENT<\/h2>\n[\/vc_column_text][vc_column_text css=\u00a0\u00bb\u00a0\u00bb el_class=\u00a0\u00bbparagraphe\u00a0\u00bb]Notre cannabis est s\u00e9ch\u00e9 lentement dans une pi\u00e8ce au climat contr\u00f4l\u00e9. Les branches enti\u00e8res sont suspendues \u00e0 l&rsquo;envers plut\u00f4t que d&rsquo;enlever les bourgeons et de les s\u00e9cher s\u00e9par\u00e9ment. Le processus de s\u00e9chage est ainsi ralenti, ce qui permet aux d\u00e9licats bourgeons de se lib\u00e9rer progressivement de leur humidit\u00e9 et de pr\u00e9server leur odeur et leur saveur.[\/vc_column_text][vc_raw_html]JTNDZGl2JTIwY2xhc3MlM0QlMjJjZXJjbGUxJTIyJTNFJTNDJTJGZGl2JTNF[\/vc_raw_html][\/vc_column_inner][\/vc_row_inner][vc_row_inner equal_height=\u00a0\u00bbyes\u00a0\u00bb content_placement=\u00a0\u00bbmiddle\u00a0\u00bb el_class=\u00a0\u00bbitems-row\u00a0\u00bb][vc_column_inner width=\u00a0\u00bb1\/2&Prime;][vc_raw_html]JTNDZGl2JTIwaWQlM0QlMjJoYW5kLWNvbnRhaW5lciUyMiUzRSUzQyUyRmRpdiUzRQ==[\/vc_raw_html][\/vc_column_inner][vc_column_inner width=\u00a0\u00bb1\/2&Prime;][vc_column_text el_class=\u00a0\u00bbsous-titres\u00a0\u00bb]\n<h2>COUP\u00c9 \u00c0 LA MAIN<\/h2>\n[\/vc_column_text][vc_column_text css=\u00a0\u00bb\u00a0\u00bb el_class=\u00a0\u00bbparagraphe\u00a0\u00bb]Chaque bourgeon est manipul\u00e9 par des mains expertes. Chaque bourgeon \u00e9tant unique, cette approche permet une plus grande pr\u00e9cision dans la coupe, ce qui se traduit par un produit plus attrayant sur le plan visuel et, surtout, par un potentiel plus complet en termes de go\u00fbt, d&rsquo;ar\u00f4me et de taux de THC.[\/vc_column_text][vc_raw_html]JTNDZGl2JTIwY2xhc3MlM0QlMjJjZXJjbGUyJTIyJTNFJTNDJTJGZGl2JTNF[\/vc_raw_html][\/vc_column_inner][\/vc_row_inner][vc_row_inner equal_height=\u00a0\u00bbyes\u00a0\u00bb content_placement=\u00a0\u00bbmiddle\u00a0\u00bb el_class=\u00a0\u00bbitems-row\u00a0\u00bb][vc_column_inner width=\u00a0\u00bb1\/2&Prime;][vc_raw_html]JTNDZGl2JTIwaWQlM0QlMjJjdXJlLWNvbnRhaW5lciUyMiUzRSUzQyUyRmRpdiUzRQ==[\/vc_raw_html][\/vc_column_inner][vc_column_inner width=\u00a0\u00bb1\/2&Prime;][vc_column_text el_class=\u00a0\u00bbsous-titres\u00a0\u00bb]\n<h2>AFFINAGE ARTISANAL<\/h2>\n[\/vc_column_text][vc_column_text el_class=\u00a0\u00bbparagraphe\u00a0\u00bb]\n<p class=\"p1\">L\u2019affinage est une \u00e9tape longue mais n\u00e9cessaire qui affecte encore une fois les saveurs et la qualit\u00e9. Chez 309 LAB, nous avons d\u00e9velopp\u00e9 un processus d&rsquo;affinage unique dans lequel nos cocottes sont trait\u00e9es avec le plus grand soin. La patience est la cl\u00e9 \u00e0 cette \u00e9tape.<\/p>\n[\/vc_column_text][vc_raw_html]JTNDZGl2JTIwY2xhc3MlM0QlMjJjZXJjbGUzJTIyJTNFJTNDJTJGZGl2JTNF[\/vc_raw_html][vc_raw_html]JTNDZGl2JTIwY2xhc3MlM0QlMjJjZXJjbGU0JTIyJTNFJTNDJTJGZGl2JTNF[\/vc_raw_html][\/vc_column_inner][\/vc_row_inner][\/vc_column][\/vc_row][vc_row][vc_column][vc_column_text el_class=\u00a0\u00bbsous-titres love\u00a0\u00bb]\n<h2 style=\"text-align: center;\">Et beaucoup d&rsquo;amour<\/h2>\n[\/vc_column_text][\/vc_column][\/vc_row][vc_row full_width=\u00a0\u00bbstretch_row_content_no_spaces\u00a0\u00bb equal_height=\u00a0\u00bbyes\u00a0\u00bb el_class=\u00a0\u00bbimage-section\u00a0\u00bb][vc_column width=\u00a0\u00bb1\/3&Prime;][vc_single_image image=\u00a0\u00bb696&Prime; img_size=\u00a0\u00bbfull\u00a0\u00bb alignment=\u00a0\u00bbcenter\u00a0\u00bb css=\u00a0\u00bb\u00a0\u00bb][\/vc_column][vc_column width=\u00a0\u00bb1\/3&Prime;][vc_single_image image=\u00a0\u00bb692&Prime; img_size=\u00a0\u00bbfull\u00a0\u00bb alignment=\u00a0\u00bbcenter\u00a0\u00bb css=\u00a0\u00bb\u00a0\u00bb][\/vc_column][vc_column width=\u00a0\u00bb1\/3&Prime;][vc_single_image image=\u00a0\u00bb694&Prime; img_size=\u00a0\u00bbfull\u00a0\u00bb alignment=\u00a0\u00bbcenter\u00a0\u00bb css=\u00a0\u00bb\u00a0\u00bb][\/vc_column][\/vc_row]\n<\/div>","protected":false},"excerpt":{"rendered":"<p>[vc_row full_width=\u00a0\u00bbstretch_row_content_no_spaces\u00a0\u00bb full_height=\u00a0\u00bbyes\u00a0\u00bb equal_height=\u00a0\u00bbyes\u00a0\u00bb el_class=\u00a0\u00bbsection-our-grow-intro\u00a0\u00bb][vc_column][vc_row_inner equal_height=\u00a0\u00bbyes\u00a0\u00bb][vc_column_inner width=\u00a0\u00bb1\/2&Prime;][vc_column_text el_class=\u00a0\u00bbtitres\u00a0\u00bb] M\u00e9thodologie [\/vc_column_text][vc_column_text css=\u00a0\u00bb\u00a0\u00bb el_class=\u00a0\u00bbparagraphe\u00a0\u00bb] Chez 309 LAB, nous pensons que tout ce que nous faisons doit s&rsquo;aligner sur notre mission, qui est de produire constamment du cannabis de la meilleure qualit\u00e9 qui soit. Si la technologie peut \u00eatre b\u00e9n\u00e9fique dans certains cas, les bonnes vieilles m\u00e9thodes artisanales restent parfois les meilleures. [\/vc_column_text][vc_column_text &#8230;<\/p>\n","protected":false},"author":2,"featured_media":0,"parent":0,"menu_order":0,"comment_status":"closed","ping_status":"closed","template":"template-blank-1.php","meta":{"_monsterinsights_skip_tracking":false,"_monsterinsights_sitenote_active":false,"_monsterinsights_sitenote_note":"","_monsterinsights_sitenote_category":0,"footnotes":""},"class_list":["post-400","page","type-page","status-publish","hentry","no-post-thumbnail"],"_links":{"self":[{"href":"https:\/\/309lab.ca\/fr\/wp-json\/wp\/v2\/pages\/400","targetHints":{"allow":["GET"]}}],"collection":[{"href":"https:\/\/309lab.ca\/fr\/wp-json\/wp\/v2\/pages"}],"about":[{"href":"https:\/\/309lab.ca\/fr\/wp-json\/wp\/v2\/types\/page"}],"author":[{"embeddable":true,"href":"https:\/\/309lab.ca\/fr\/wp-json\/wp\/v2\/users\/2"}],"replies":[{"embeddable":true,"href":"https:\/\/309lab.ca\/fr\/wp-json\/wp\/v2\/comments?post=400"}],"version-history":[{"count":17,"href":"https:\/\/309lab.ca\/fr\/wp-json\/wp\/v2\/pages\/400\/revisions"}],"predecessor-version":[{"id":832,"href":"https:\/\/309lab.ca\/fr\/wp-json\/wp\/v2\/pages\/400\/revisions\/832"}],"wp:attachment":[{"href":"https:\/\/309lab.ca\/fr\/wp-json\/wp\/v2\/media?parent=400"}],"curies":[{"name":"wp","href":"https:\/\/api.w.org\/{rel}","templated":true}]}}