{"id":395,"date":"2024-11-13T10:56:50","date_gmt":"2024-11-13T15:56:50","guid":{"rendered":"https:\/\/309lab.ca\/?page_id=395"},"modified":"2024-11-13T11:54:02","modified_gmt":"2024-11-13T16:54:02","slug":"genetiques","status":"publish","type":"page","link":"https:\/\/309lab.ca\/fr\/genetiques\/","title":{"rendered":"G\u00e9n\u00e9tiques"},"content":{"rendered":"<div class=\"wpb-content-wrapper\">[vc_row full_width=\u00a0\u00bbstretch_row_content_no_spaces\u00a0\u00bb equal_height=\u00a0\u00bbyes\u00a0\u00bb el_class=\u00a0\u00bbsection-genetics-intro\u00a0\u00bb][vc_column width=\u00a0\u00bb1\/2&Prime;][vc_column_text el_class=\u00a0\u00bbtitres\u00a0\u00bb]\n<h1>Des g\u00e9n\u00e9tiques<br \/>\nsoigneusement<br \/>\ns\u00e9lectionn\u00e9s<\/h1>\n[\/vc_column_text][vc_column_text css=\u00a0\u00bb\u00a0\u00bb el_class=\u00a0\u00bbparagraphe\u00a0\u00bb]Nous s\u00e9lectionnons soigneusement chaque souche g\u00e9n\u00e9tique en fonction de ses effets uniques, garantissant ainsi une gamme d&rsquo;exp\u00e9riences adapt\u00e9es aux diff\u00e9rentes pr\u00e9f\u00e9rences et aux diff\u00e9rents besoins. Parmi notre gamme de cultivars de qualit\u00e9 sup\u00e9rieure, nous abordons la s\u00e9lection des vari\u00e9t\u00e9s avec le plus grand soin et la plus grande attention, dans le but de r\u00e9pondre aux normes \u00e9lev\u00e9es que les vrais connaisseurs exigent et appr\u00e9cient.<\/p>\n<p>Chaque vari\u00e9t\u00e9 que nous proposons refl\u00e8te notre engagement en mati\u00e8re de qualit\u00e9, de puissance et de raret\u00e9, offrant une exp\u00e9rience exceptionnelle qui respecte \u00e0 la fois la plante et ceux qui l&rsquo;appr\u00e9cient.[\/vc_column_text][vc_column_text el_class=\u00a0\u00bbsous-titres\u00a0\u00bb]\n<h2>NOUS RESPECTONS LA LIGN\u00c9E G\u00c9N\u00c9TIQUE ET L&rsquo;HISTOIRE DE CHAQUE CULTIVAR.<\/h2>\n[\/vc_column_text][\/vc_column][vc_column width=\u00a0\u00bb1\/2&Prime; css=\u00a0\u00bb.vc_custom_1604931766585{background-image: url(https:\/\/309lab.ca\/wp-content\/uploads\/2020\/11\/genetics_intro.jpg?id=521) !important;background-position: center !important;background-repeat: no-repeat !important;background-size: cover !important;}\u00a0\u00bb el_class=\u00a0\u00bbcustom-bg\u00a0\u00bb][\/vc_column][\/vc_row][vc_row el_class=\u00a0\u00bbsection-next-harvest\u00a0\u00bb][vc_column][vc_column_text el_class=\u00a0\u00bbtitres fr\u00a0\u00bb]\n<h1 style=\"text-align: center;\">Prochaine r\u00e9colte<\/h1>\n[\/vc_column_text][vc_column_text css=\u00a0\u00bb\u00a0\u00bb el_class=\u00a0\u00bbsous-titres\u00a0\u00bb]\n<h2 style=\"text-align: center;\">\u00c0 venir en d\u00e9cembre 2024<\/h2>\n[\/vc_column_text][vc_raw_html]JTNDZGl2JTIwY2xhc3MlM0QlMjJoYXJ2ZXN0LWxpbmUlMjIlM0UlM0MlMkZkaXYlM0U=[\/vc_raw_html][\/vc_column][\/vc_row][vc_row full_width=\u00a0\u00bbstretch_row\u00a0\u00bb equal_height=\u00a0\u00bbyes\u00a0\u00bb el_class=\u00a0\u00bbsection-black-cherry\u00a0\u00bb][vc_column width=\u00a0\u00bb1\/2&Prime;][vc_column_text css=\u00a0\u00bb\u00a0\u00bb el_class=\u00a0\u00bbtitres\u00a0\u00bb]\n<h1>Rainbow Pie<\/h1>\n[\/vc_column_text][vc_raw_html]JTNDZGl2JTIwY2xhc3MlM0QlMjJibGFjay1jaGVycnktc2VwYXJhdG9yJTIyJTNFJTNDJTJGZGl2JTNF[\/vc_raw_html][vc_column_text css=\u00a0\u00bb\u00a0\u00bb el_class=\u00a0\u00bbparagraphe\u00a0\u00bb]\n<p class=\"p1\">Rainbow Pie est un croisement hybride entre Zkittlez et Grand Daddy Purple, n\u00e9 d&rsquo;un partenariat exceptionnel avec nos amis de <a href=\"https:\/\/dumbdutchmen.com\/\" target=\"_blank\" rel=\"noopener\">Dumb Dutchmen<\/a>.<\/p>\n<p class=\"p1\">Ses bourgeons denses et magnifiques sont \u00e0 la hauteur de son nom, pr\u00e9sentant un m\u00e9lange vibrant de couleurs &#8211; des verts et des violets brillants et profonds, tiss\u00e9s avec des pistils orange ardents et couverts de trichomes \u00e9tincelants. Elle offre un ar\u00f4me unique, cr\u00e9meux et sucr\u00e9, qui \u00e9voque la p\u00e2te \u00e0 tarte crue, compl\u00e9t\u00e9 par des notes fruit\u00e9es de baies et d&rsquo;agrumes, avec une subtile note de carburant. Ce profil distinctif fait de la Rainbow Pie un choix remarquable pour ceux qui recherchent \u00e0 la fois un attrait visuel et des saveurs complexes.<\/p>\n[\/vc_column_text][\/vc_column][vc_column width=\u00a0\u00bb3\/12&Prime;][vc_column_text css=\u00a0\u00bb\u00a0\u00bb el_class=\u00a0\u00bbmini-titres\u00a0\u00bb]THC[\/vc_column_text][vc_column_text css=\u00a0\u00bb\u00a0\u00bb el_class=\u00a0\u00bbpourcentages\u00a0\u00bb el_id=\u00a0\u00bbbc-thc\u00a0\u00bb]26% &#8211; 32%[\/vc_column_text][vc_column_text el_class=\u00a0\u00bbmini-titres aromas desktop-only\u00a0\u00bb]Ar\u00f4mes &amp; saveur[\/vc_column_text][vc_column_text el_class=\u00a0\u00bbmini-titres aromas ipad-only\u00a0\u00bb]Ar\u00f4mes &amp; saveur[\/vc_column_text][vc_column_text css=\u00a0\u00bb\u00a0\u00bb el_class=\u00a0\u00bbsaveurs desktop-only\u00a0\u00bb]\n<p class=\"p1\">P\u00e2te \u00e0 tarte crue, baies et agrumes<\/p>\n[\/vc_column_text][vc_column_text css=\u00a0\u00bb\u00a0\u00bb el_class=\u00a0\u00bbsaveurs ipad-only\u00a0\u00bb]\n<p class=\"p1\">P\u00e2te \u00e0 tarte crue, baies et agrumes<\/p>\n[\/vc_column_text][\/vc_column][vc_column width=\u00a0\u00bb3\/12&Prime;][vc_column_text css=\u00a0\u00bb\u00a0\u00bb el_class=\u00a0\u00bbmini-titres\u00a0\u00bb]Terp\u00e8nes[\/vc_column_text][vc_column_text css=\u00a0\u00bb\u00a0\u00bb el_class=\u00a0\u00bbpourcentages\u00a0\u00bb el_id=\u00a0\u00bbbc-cbd\u00a0\u00bb]1.6% &#8211; 2.3%[\/vc_column_text][vc_column_text el_class=\u00a0\u00bbmini-titres aromas iphone-only\u00a0\u00bb]Ar\u00f4mes &amp; saveur[\/vc_column_text][vc_column_text css=\u00a0\u00bb\u00a0\u00bb el_class=\u00a0\u00bbsaveurs iphone-only\u00a0\u00bb]\n<p class=\"p1\">P\u00e2te \u00e0 tarte crue, baies et agrumes<\/p>\n[\/vc_column_text][\/vc_column][\/vc_row][vc_row full_width=\u00a0\u00bbstretch_row\u00a0\u00bb el_class=\u00a0\u00bbsection-high-thc\u00a0\u00bb css=\u00a0\u00bb.vc_custom_1604352284912{background-position: center !important;background-repeat: no-repeat !important;background-size: cover !important;}\u00a0\u00bb][vc_column][vc_column_text el_class=\u00a0\u00bbsous-titres\u00a0\u00bb]\n<h2 style=\"text-align: center;\">CULTIVARS DE HAUTE QUALIT\u00c9<\/h2>\n[\/vc_column_text][vc_column_text el_class=\u00a0\u00bbparagraphe\u00a0\u00bb]\n<p class=\"p1\" style=\"text-align: center;\">En plus de produire du cannabis de haute qualit\u00e9, nous nous engageons \u00e0 suivre les tendances du march\u00e9 et les go\u00fbts de nos clients. Nos produits peuvent donc varier en fonction de la demande.<\/p>\n[\/vc_column_text]<div class='gambit_parallax_row' data-bg-align='' data-direction='up' data-opacity='100' data-velocity='-0.3' data-mobile-enabled='parallax-enable-mobile' data-bg-height='526' data-bg-width='1359' data-bg-image='https:\/\/309lab.ca\/wp-content\/uploads\/2024\/11\/genetics.jpg' data-bg-repeat='false' data-id='' style='display: none'><\/div>[\/vc_column][\/vc_row][vc_row full_width=\u00a0\u00bbstretch_row\u00a0\u00bb el_class=\u00a0\u00bbsection-high-quality\u00a0\u00bb][vc_column][vc_row_inner content_placement=\u00a0\u00bbmiddle\u00a0\u00bb][vc_column_inner width=\u00a0\u00bb5\/12&Prime;][vc_column_text el_class=\u00a0\u00bbtitres\u00a0\u00bb]\n<h1 style=\"text-align: right;\">Un mot de<br \/>\nnotre ma\u00eetre<br \/>\ncultivateur<\/h1>\n[\/vc_column_text][\/vc_column_inner][vc_column_inner width=\u00a0\u00bb7\/12&Prime;][vc_column_text el_class=\u00a0\u00bbparagraphe\u00a0\u00bb]\n<p class=\"p1\">Le cannabis, ce n\u2019est pas seulement le THC ou le CBD. Il ne faut pas sous estim\u00e9 l&rsquo;impact qu&rsquo;aura l&rsquo;effet d\u2019entourage sur le type de buzz. Une souche \u00e0 12% de THC peut \u00eatre plus puissante qu\u2019une souche \u00e0 25% de THC, cela est d\u00fb \u00e0 tous les autres cannabino\u00efdes qui fonctionnent en conjonction les uns avec les autres pour d\u00e9terminer le fameux buzz.<\/p>\n<p class=\"p1\">\u00abQuads\u00bb est un terme utilis\u00e9 pour d\u00e9signer le cannabis de la plus haute qualit\u00e9 et obtient un score \u00e9lev\u00e9 dans les 5 grandes cat\u00e9gories: l\u2019odeur, la saveur, les cendres, le buzz et l\u2019apparence. Trouver un quad est extr\u00eamement difficile car un score \u00e9lev\u00e9 dans toutes ces cat\u00e9gories est d\u00e9termin\u00e9 par la g\u00e9n\u00e9tique et non la culture comme beaucoup de gens le croient. L\u2019environnement est uniquement mis en place pour que la plante puisse atteindre son plein potentiel g\u00e9n\u00e9tique.<\/p>\n[\/vc_column_text][\/vc_column_inner][\/vc_row_inner][\/vc_column][\/vc_row][vc_row el_class=\u00a0\u00bbsection-feedback\u00a0\u00bb][vc_column][vc_column_text el_class=\u00a0\u00bbtitres\u00a0\u00bb]\n<h1 style=\"text-align: center;\">Chers clients,<\/h1>\n[\/vc_column_text][vc_column_text el_class=\u00a0\u00bbparagraphe\u00a0\u00bb]\n<p class=\"p1\" style=\"text-align: center;\">Nous sommes un micro producteur d\u00e9sireux d&rsquo;offrir le meilleur sur le march\u00e9. C&rsquo;est pourquoi nous appr\u00e9cions grandement votre contribution. Nous serions tr\u00e8s heureux de vous lire!<\/p>\n<p style=\"text-align: center;\">N&rsquo;h\u00e9sitez pas \u00e0 nous contacter pour des questions, des suggestions, des commentaires ou am\u00e9liorations. Votre opinion compte, vraiment!<\/p>\n<p><span class=\"s1\"><b>\u00a0<\/b><\/span>[\/vc_column_text][vc_row_inner el_class=\u00a0\u00bbfeedback-form\u00a0\u00bb][vc_column_inner]<script type=\"text\/javascript\">if(!gform){document.addEventListener(\"gform_main_scripts_loaded\",function(){gform.scriptsLoaded=!0}),window.addEventListener(\"DOMContentLoaded\",function(){gform.domLoaded=!0});var gform={domLoaded:!1,scriptsLoaded:!1,initializeOnLoaded:function(o){gform.domLoaded&&gform.scriptsLoaded?o():!gform.domLoaded&&gform.scriptsLoaded?window.addEventListener(\"DOMContentLoaded\",o):document.addEventListener(\"gform_main_scripts_loaded\",o)},hooks:{action:{},filter:{}},addAction:function(o,n,r,t){gform.addHook(\"action\",o,n,r,t)},addFilter:function(o,n,r,t){gform.addHook(\"filter\",o,n,r,t)},doAction:function(o){gform.doHook(\"action\",o,arguments)},applyFilters:function(o){return gform.doHook(\"filter\",o,arguments)},removeAction:function(o,n){gform.removeHook(\"action\",o,n)},removeFilter:function(o,n,r){gform.removeHook(\"filter\",o,n,r)},addHook:function(o,n,r,t,i){null==gform.hooks[o][n]&&(gform.hooks[o][n]=[]);var e=gform.hooks[o][n];null==i&&(i=n+\"_\"+e.length),null==t&&(t=10),gform.hooks[o][n].push({tag:i,callable:r,priority:t})},doHook:function(o,n,r){if(r=Array.prototype.slice.call(r,1),null!=gform.hooks[o][n]){var t,i=gform.hooks[o][n];i.sort(function(o,n){return o.priority-n.priority});for(var e=0;e<i.length;e++)\"function\"!=typeof(t=i[e].callable)&&(t=window[t]),\"action\"==o?t.apply(null,r):r[0]=t.apply(null,r)}if(\"filter\"==o)return r[0]},removeHook:function(o,n,r,t){if(null!=gform.hooks[o][n])for(var i=gform.hooks[o][n],e=i.length-1;0<=e;e--)null!=t&&t!=i[e].tag||null!=r&&r!=i[e].priority||i.splice(e,1)}}}<\/script>\n                <div class='gf_browser_gecko gform_wrapper gform_legacy_markup_wrapper' id='gform_wrapper_1' ><div id='gf_1' class='gform_anchor' tabindex='-1'><\/div><form method='post' enctype='multipart\/form-data' target='gform_ajax_frame_1' id='gform_1'  action='\/fr\/wp-json\/wp\/v2\/pages\/395#gf_1' >\n                        <div class='gform_body gform-body'><ul id='gform_fields_1' class='gform_fields top_label form_sublabel_below description_below'><li id=\"field_1_1\" class=\"gfield gfield_contains_required field_sublabel_below field_description_below hidden_label gfield_visibility_visible\" ><label class='gfield_label' for='input_1_1' >Suggestions<span class=\"gfield_required\"><span class=\"gfield_required gfield_required_asterisk\">*<\/span><\/span><\/label><div class='ginput_container ginput_container_text'><input name='input_1' id='input_1_1' type='text' value='' class='medium'    placeholder='Suggestions \/ feedback' aria-required=\"true\" aria-invalid=\"false\"   \/> <\/div><\/li><\/ul><\/div>\n        <div class='gform_footer top_label'> <button class='button' id='gform_submit_button_1'><span>SEND<\/span><\/button> <input type='hidden' name='gform_ajax' value='form_id=1&amp;title=&amp;description=&amp;tabindex=0' \/>\n            <input type='hidden' class='gform_hidden' name='is_submit_1' value='1' \/>\n            <input type='hidden' class='gform_hidden' name='gform_submit' value='1' \/>\n            \n            <input type='hidden' class='gform_hidden' name='gform_unique_id' value='' \/>\n            <input type='hidden' class='gform_hidden' name='state_1' value='WyJbXSIsIjY0ZTI0MmE3MzgwMGExYjVlYzAwODYyNTUzYzI5NjMyIl0=' \/>\n            <input type='hidden' class='gform_hidden' name='gform_target_page_number_1' id='gform_target_page_number_1' value='0' \/>\n            <input type='hidden' class='gform_hidden' name='gform_source_page_number_1' id='gform_source_page_number_1' value='1' \/>\n            <input type='hidden' name='gform_field_values' value='' \/>\n            \n        <\/div>\n                        <p style=\"display: none !important;\" class=\"akismet-fields-container\" data-prefix=\"ak_\"><label>&#916;<textarea name=\"ak_hp_textarea\" cols=\"45\" rows=\"8\" maxlength=\"100\"><\/textarea><\/label><input type=\"hidden\" id=\"ak_js_1\" name=\"ak_js\" value=\"186\"\/><script>document.getElementById( \"ak_js_1\" ).setAttribute( \"value\", ( new Date() ).getTime() );<\/script><\/p><\/form>\n                        <\/div>\n                <iframe style='display:none;width:0px;height:0px;' src='about:blank' name='gform_ajax_frame_1' id='gform_ajax_frame_1' title='Cette iframe contient la logique n\u00e9cessaire pour manipuler Gravity Forms avec Ajax.'><\/iframe>\n                <script type=\"text\/javascript\">\n\/* <![CDATA[ *\/\n gform.initializeOnLoaded( function() {gformInitSpinner( 1, 'https:\/\/309lab.ca\/wp-content\/plugins\/gravityforms\/images\/spinner.svg' );jQuery('#gform_ajax_frame_1').on('load',function(){var contents = jQuery(this).contents().find('*').html();var is_postback = contents.indexOf('GF_AJAX_POSTBACK') >= 0;if(!is_postback){return;}var form_content = jQuery(this).contents().find('#gform_wrapper_1');var is_confirmation = jQuery(this).contents().find('#gform_confirmation_wrapper_1').length > 0;var is_redirect = contents.indexOf('gformRedirect(){') >= 0;var is_form = form_content.length > 0 && ! is_redirect && ! is_confirmation;var mt = parseInt(jQuery('html').css('margin-top'), 10) + parseInt(jQuery('body').css('margin-top'), 10) + 100;if(is_form){jQuery('#gform_wrapper_1').html(form_content.html());if(form_content.hasClass('gform_validation_error')){jQuery('#gform_wrapper_1').addClass('gform_validation_error');} else {jQuery('#gform_wrapper_1').removeClass('gform_validation_error');}setTimeout( function() { \/* delay the scroll by 50 milliseconds to fix a bug in chrome *\/ jQuery(document).scrollTop(jQuery('#gform_wrapper_1').offset().top - mt); }, 50 );if(window['gformInitDatepicker']) {gformInitDatepicker();}if(window['gformInitPriceFields']) {gformInitPriceFields();}var current_page = jQuery('#gform_source_page_number_1').val();gformInitSpinner( 1, 'https:\/\/309lab.ca\/wp-content\/plugins\/gravityforms\/images\/spinner.svg' );jQuery(document).trigger('gform_page_loaded', [1, current_page]);window['gf_submitting_1'] = false;}else if(!is_redirect){var confirmation_content = jQuery(this).contents().find('.GF_AJAX_POSTBACK').html();if(!confirmation_content){confirmation_content = contents;}setTimeout(function(){jQuery('#gform_wrapper_1').replaceWith(confirmation_content);jQuery(document).scrollTop(jQuery('#gf_1').offset().top - mt);jQuery(document).trigger('gform_confirmation_loaded', [1]);window['gf_submitting_1'] = false;wp.a11y.speak(jQuery('#gform_confirmation_message_1').text());}, 50);}else{jQuery('#gform_1').append(contents);if(window['gformRedirect']) {gformRedirect();}}jQuery(document).trigger('gform_post_render', [1, current_page]);} );} ); \n\/* ]]> *\/\n<\/script>\n[\/vc_column_inner][\/vc_row_inner][\/vc_column][\/vc_row]\n<\/div>","protected":false},"excerpt":{"rendered":"<p>[vc_row full_width=\u00a0\u00bbstretch_row_content_no_spaces\u00a0\u00bb equal_height=\u00a0\u00bbyes\u00a0\u00bb el_class=\u00a0\u00bbsection-genetics-intro\u00a0\u00bb][vc_column width=\u00a0\u00bb1\/2&Prime;][vc_column_text el_class=\u00a0\u00bbtitres\u00a0\u00bb] Des g\u00e9n\u00e9tiques soigneusement s\u00e9lectionn\u00e9s [\/vc_column_text][vc_column_text css=\u00a0\u00bb\u00a0\u00bb el_class=\u00a0\u00bbparagraphe\u00a0\u00bb]Nous s\u00e9lectionnons soigneusement chaque souche g\u00e9n\u00e9tique en fonction de ses effets uniques, garantissant ainsi une gamme d&rsquo;exp\u00e9riences adapt\u00e9es aux diff\u00e9rentes pr\u00e9f\u00e9rences et aux diff\u00e9rents besoins. Parmi notre gamme de cultivars de qualit\u00e9 sup\u00e9rieure, nous abordons la s\u00e9lection des vari\u00e9t\u00e9s avec le plus grand soin et la plus grande &#8230;<\/p>\n","protected":false},"author":2,"featured_media":0,"parent":0,"menu_order":0,"comment_status":"closed","ping_status":"closed","template":"template-blank-1.php","meta":{"_monsterinsights_skip_tracking":false,"_monsterinsights_sitenote_active":false,"_monsterinsights_sitenote_note":"","_monsterinsights_sitenote_category":0,"footnotes":""},"class_list":["post-395","page","type-page","status-publish","hentry","no-post-thumbnail"],"_links":{"self":[{"href":"https:\/\/309lab.ca\/fr\/wp-json\/wp\/v2\/pages\/395","targetHints":{"allow":["GET"]}}],"collection":[{"href":"https:\/\/309lab.ca\/fr\/wp-json\/wp\/v2\/pages"}],"about":[{"href":"https:\/\/309lab.ca\/fr\/wp-json\/wp\/v2\/types\/page"}],"author":[{"embeddable":true,"href":"https:\/\/309lab.ca\/fr\/wp-json\/wp\/v2\/users\/2"}],"replies":[{"embeddable":true,"href":"https:\/\/309lab.ca\/fr\/wp-json\/wp\/v2\/comments?post=395"}],"version-history":[{"count":12,"href":"https:\/\/309lab.ca\/fr\/wp-json\/wp\/v2\/pages\/395\/revisions"}],"predecessor-version":[{"id":836,"href":"https:\/\/309lab.ca\/fr\/wp-json\/wp\/v2\/pages\/395\/revisions\/836"}],"wp:attachment":[{"href":"https:\/\/309lab.ca\/fr\/wp-json\/wp\/v2\/media?parent=395"}],"curies":[{"name":"wp","href":"https:\/\/api.w.org\/{rel}","templated":true}]}}