{"id":382,"date":"2024-11-13T10:56:50","date_gmt":"2024-11-13T15:56:50","guid":{"rendered":"https:\/\/309lab.ca\/?page_id=382"},"modified":"2024-11-13T11:46:47","modified_gmt":"2024-11-13T16:46:47","slug":"a-propos","status":"publish","type":"page","link":"https:\/\/309lab.ca\/fr\/a-propos\/","title":{"rendered":"\u00c0 propos"},"content":{"rendered":"<div class=\"wpb-content-wrapper\">[vc_row full_width=\u00a0\u00bbstretch_row\u00a0\u00bb el_class=\u00a0\u00bbsection-about-intro\u00a0\u00bb][vc_column][vc_row_inner][vc_column_inner][vc_column_text el_class=\u00a0\u00bbtitres\u00a0\u00bb]\n<h1 style=\"text-align: center;\">\u00c0 propos<\/h1>\n[\/vc_column_text][vc_column_text css=\u00a0\u00bb\u00a0\u00bb el_class=\u00a0\u00bbparagraphe\u00a0\u00bb]\n<p class=\"p1\" style=\"text-align: center;\">Nous sommes une petite \u00e9quipe passionn\u00e9e de quatre amateurs de cannabis qui se consacrent \u00e0 \u00e9lever la barre dans une industrie hautement r\u00e9glement\u00e9e. Contrairement aux grandes entreprises qui travaillent \u00e0 la cha\u00eene, nous croyons en une approche pratique qui respecte l&rsquo;artisanat. Ici, chaque plante est cultiv\u00e9e avec soin, chaque \u00e9tape est intentionnelle et la qualit\u00e9 n&rsquo;est jamais compromise. Dans une industrie contr\u00f4l\u00e9e par ceux qui ne comprennent pas toujours les points les plus fins de la qualit\u00e9, nous apportons quelque chose de diff\u00e9rent \u00e0 la table. Notre \u00e9quipe sait ce qu&rsquo;il faut pour produire un cannabis de premier ordre, et nous nous engageons \u00e0 le partager avec vous.<\/p>\n<p style=\"text-align: center;\"><strong>Bienvenue dans notre petite famille. Bienvenue chez 309 LAB.<\/strong><\/p>\n[\/vc_column_text][vc_raw_html el_class=\u00a0\u00bbsection-logo-anim\u00a0\u00bb]JTNDdmlkZW8lMjBhdXRvcGxheSUyMGxvb3AlMjBtdXRlZCUyMHBsYXlzaW5saW5lJTIwY2xhc3MlM0QlMjJsb2dvLWFuaW0tdmlkZW8lMjIlM0UlMEElMDklMDklMDklMDklM0Nzb3VyY2UlMjAlMjB0eXBlJTNEJTIydmlkZW8lMkZtcDQlMjIlMjBzcmMlM0QlMjIlMkZ3cC1jb250ZW50JTJGdXBsb2FkcyUyRnZpZGVvJTJGMzA5bGFiLWxvZ29fYW5pbV93aWRlLm1wNCUyMiUzRSUwQSUwOSUwOSUwOSUwOSUzQ3NvdXJjZSUyMCUyMHR5cGUlM0QlMjJ2aWRlbyUyRndlYm0lMjIlMjBzcmMlM0QlMjIlMkZ3cC1jb250ZW50JTJGdXBsb2FkcyUyRnZpZGVvJTJGMzA5bGFiLWxvZ29fYW5pbV93aWRlLndlYm0lMjIlM0UlMEElMDklM0MlMkZ2aWRlbyUzRQ==[\/vc_raw_html][vc_raw_html el_class=\u00a0\u00bbabout-vertical-line-html\u00a0\u00bb]JTNDZGl2JTIwY2xhc3MlM0QlMjJhYm91dC12ZXJ0aWNhbC1saW5lJTIyJTNFJTNDJTJGZGl2JTNF[\/vc_raw_html][\/vc_column_inner][\/vc_row_inner][\/vc_column][\/vc_row][vc_row full_width=\u00a0\u00bbstretch_row_content\u00a0\u00bb css=\u00a0\u00bb.vc_custom_1603912040902{background-position: center !important;background-repeat: no-repeat !important;background-size: cover !important;}\u00a0\u00bb el_class=\u00a0\u00bbsection-about-high-quality-cannabis\u00a0\u00bb][vc_column][vc_row_inner el_id=\u00a0\u00bbhigh-quality\u00a0\u00bb][vc_column_inner width=\u00a0\u00bb7\/12&Prime;][vc_column_text el_class=\u00a0\u00bbtitres\u00a0\u00bb]\n<h1>Cannabis<br \/>\nde haute<br \/>\nqualit\u00e9<\/h1>\n[\/vc_column_text][vc_column_text el_class=\u00a0\u00bbparagraphe\u00a0\u00bb]\n<p class=\"p1\">Produit avec soin par des gens passionn\u00e9s dans des installations m\u00e9ticuleusement pens\u00e9es, o\u00f9 absolument rien n\u2019est laiss\u00e9 au hasard. 309 LAB cultive du cannabis artisanal de haute qualit\u00e9 en petit lot.<\/p>\n[\/vc_column_text][\/vc_column_inner][vc_column_inner el_class=\u00a0\u00bbgreen-box\u00a0\u00bb width=\u00a0\u00bb5\/12&Prime;][vc_column_text el_class=\u00a0\u00bbsous-titres\u00a0\u00bb]\n<h2>HERBE DE PREMIER CHOIX<\/h2>\n[\/vc_column_text][vc_column_text]\n<p class=\"p1\">Notre \u00e9quipe est tr\u00e8s exigeante sur la qualit\u00e9 de notre produit en plus d\u2019\u00eatre consciencieuse dans ses m\u00e9thodes de travail.<\/p>\n<p class=\"p1\"><span class=\"s1\">\u00a0<\/span><\/p>\n[\/vc_column_text][vc_column_text el_class=\u00a0\u00bbsous-titres\u00a0\u00bb]\n<h2>ENTOUR\u00c9 PAR LA NATURE<\/h2>\n[\/vc_column_text][vc_column_text]\n<p class=\"p1\">La nature d\u2019une beaut\u00e9 imprenable entourant notre site est une source d\u2019inspiration, nous rappelant sans cesse l\u2019importance de respecter l\u2019environnement.<\/p>\n[\/vc_column_text][\/vc_column_inner][\/vc_row_inner]<div class='gambit_parallax_row' data-bg-align='' data-direction='up' data-opacity='100' data-velocity='-0.3' data-mobile-enabled='' data-bg-height='600' data-bg-width='1365' data-bg-image='https:\/\/309lab.ca\/wp-content\/uploads\/2024\/11\/about-1.jpg' data-bg-repeat='false' data-id='' style='display: none'><\/div>[\/vc_column][\/vc_row][vc_row full_width=\u00a0\u00bbstretch_row\u00a0\u00bb el_class=\u00a0\u00bbsection-core-values\u00a0\u00bb el_id=\u00a0\u00bbcore-values\u00a0\u00bb][vc_column][vc_column_text el_class=\u00a0\u00bbtitres\u00a0\u00bb]\n<h1 style=\"text-align: center;\">Nos valeurs fondamentales<\/h1>\n[\/vc_column_text][vc_column_text el_class=\u00a0\u00bbparagraphe\u00a0\u00bb]\n<p class=\"p1\" style=\"text-align: center;\">Nos valeurs fa\u00e7onnent tout ce que nous faisons en tant qu&rsquo;entreprise; elles s&rsquo;expriment dans toutes les facettes de notre travail.<\/p>\n[\/vc_column_text][vc_row_inner el_class=\u00a0\u00bbsection-values\u00a0\u00bb][vc_column_inner][vc_raw_html el_id=\u00a0\u00bbvalues-line\u00a0\u00bb]JTNDZGl2JTIwY2xhc3MlM0QlMjJ2YWx1ZXMtbGluZS1zZWN0aW9uJTIyJTNFJTBBJTNDZGl2JTIwY2xhc3MlM0QlMjJ2YWx1ZXMtY2VyY2xlJTIyJTNFJTNDJTJGZGl2JTNFJTBBJTNDZGl2JTIwY2xhc3MlM0QlMjJ2YWx1ZXMtbGluZSUyMiUzRSUzQyUyRmRpdiUzRSUwQSUzQyUyRmRpdiUzRQ==[\/vc_raw_html][vc_column_text el_class=\u00a0\u00bbchiffres\u00a0\u00bb]\n<p style=\"text-align: center;\">01<\/p>\n[\/vc_column_text][vc_column_text el_class=\u00a0\u00bbsous-titres\u00a0\u00bb]\n<h3 style=\"text-align: center;\">TRAVAIL D&rsquo;\u00c9QUIPE<\/h3>\n[\/vc_column_text][vc_column_text css=\u00a0\u00bb\u00a0\u00bb el_class=\u00a0\u00bbdescription\u00a0\u00bb]\n<p class=\"p1\" style=\"text-align: center;\">Nous sommes attentifs et encourageants avec tous ceux avec qui nous travaillons. La force de notre \u00e9quipe ne r\u00e9side pas seulement dans notre exp\u00e9rience et notre expertise combin\u00e9es, mais aussi dans notre capacit\u00e9 \u00e0 travailler ensemble.<\/p>\n[\/vc_column_text][vc_column_text el_class=\u00a0\u00bbchiffres\u00a0\u00bb]\n<p style=\"text-align: center;\">02<\/p>\n[\/vc_column_text][vc_column_text el_class=\u00a0\u00bbsous-titres\u00a0\u00bb]\n<h3 style=\"text-align: center;\">Passion<\/h3>\n[\/vc_column_text][vc_column_text css=\u00a0\u00bb\u00a0\u00bb el_class=\u00a0\u00bbdescription\u00a0\u00bb]\n<p class=\"p1\" style=\"text-align: center;\">\u00a0Anim\u00e9s par l&rsquo;ambition et le d\u00e9vouement, nous nous effor\u00e7ons de dynamiser, d&rsquo;engager et d&rsquo;inspirer. Guid\u00e9s par la curiosit\u00e9 et l&rsquo;optimisme, nous cherchons en permanence \u00e0 nous d\u00e9velopper, tant sur le plan personnel qu&rsquo;en tant qu&rsquo;entreprise.<\/p>\n[\/vc_column_text][vc_column_text el_class=\u00a0\u00bbchiffres\u00a0\u00bb]\n<p style=\"text-align: center;\">03<\/p>\n[\/vc_column_text][vc_column_text el_class=\u00a0\u00bbsous-titres\u00a0\u00bb]\n<h3 style=\"text-align: center;\">Qualit\u00e9<\/h3>\n[\/vc_column_text][vc_column_text el_class=\u00a0\u00bbdescription\u00a0\u00bb]\n<p class=\"p1\" style=\"text-align: center;\">Pour nous, qualit\u00e9 signifie maintenir des normes rigoureuses dans l&rsquo;ensemble de nos m\u00e9thodologies de travail. Nous accordons une importance capitale \u00e0 la qualit\u00e9 de notre produit, de nos relations, ainsi qu\u2019au service client.<\/p>\n[\/vc_column_text][vc_column_text el_class=\u00a0\u00bbchiffres\u00a0\u00bb]\n<p style=\"text-align: center;\">04<\/p>\n[\/vc_column_text][vc_column_text el_class=\u00a0\u00bbsous-titres\u00a0\u00bb]\n<h3 style=\"text-align: center;\">Innovation<\/h3>\n[\/vc_column_text][vc_column_text css=\u00a0\u00bb\u00a0\u00bb el_class=\u00a0\u00bbdescription\u00a0\u00bb]\n<p class=\"p1\" style=\"text-align: center;\">Nous valorisons les pens\u00e9es avant-gardistes, nous partageons des id\u00e9es nouvelles, r\u00e9fl\u00e9chissons et \u00e9voluons. Nous sommes toujours en qu\u00eate d\u2019am\u00e9lioration de nos techniques et pratiques. L&rsquo;innovation fait partie de la responsabilit\u00e9 professionnelle de chacun des membres de notre \u00e9quipe.<\/p>\n[\/vc_column_text][vc_column_text el_class=\u00a0\u00bbchiffres\u00a0\u00bb]\n<p style=\"text-align: center;\">05<\/p>\n[\/vc_column_text][vc_column_text el_class=\u00a0\u00bbsous-titres\u00a0\u00bb]\n<h3 style=\"text-align: center;\">Respect<\/h3>\n[\/vc_column_text][vc_column_text el_class=\u00a0\u00bbdescription\u00a0\u00bb]\n<p class=\"p1\" style=\"text-align: center;\">Nous respectons les plantes et leurs cycles de vie naturels ainsi que nous nous respectons les uns les autres. Nous nous effor\u00e7ons \u00e9galement de minimiser notre impact n\u00e9gatif sur l&rsquo;environnement.<\/p>\n[\/vc_column_text][\/vc_column_inner][\/vc_row_inner][\/vc_column][\/vc_row][vc_section el_class=\u00a0\u00bbsection-images\u00a0\u00bb][vc_row][vc_column width=\u00a0\u00bb1\/4&Prime;][vc_single_image image=\u00a0\u00bb708&Prime; img_size=\u00a0\u00bbfull\u00a0\u00bb css=\u00a0\u00bb\u00a0\u00bb][\/vc_column][vc_column width=\u00a0\u00bb1\/4&Prime;][vc_single_image image=\u00a0\u00bb704&Prime; img_size=\u00a0\u00bbfull\u00a0\u00bb css=\u00a0\u00bb\u00a0\u00bb][\/vc_column][vc_column width=\u00a0\u00bb1\/4&Prime;][vc_single_image image=\u00a0\u00bb706&Prime; img_size=\u00a0\u00bbfull\u00a0\u00bb css=\u00a0\u00bb\u00a0\u00bb][\/vc_column][vc_column width=\u00a0\u00bb1\/4&Prime;][vc_single_image image=\u00a0\u00bb710&Prime; img_size=\u00a0\u00bbfull\u00a0\u00bb css=\u00a0\u00bb\u00a0\u00bb][\/vc_column][\/vc_row][\/vc_section][vc_row el_class=\u00a0\u00bbcareers-cta\u00a0\u00bb][vc_column][vc_column_text]\n<p style=\"text-align: center;\">Vous voulez faire parti de l&rsquo;\u00e9quipe?<\/p>\n<p style=\"text-align: center;\"><a href=\"\/fr\/carriere\/\">Voir nos offres d&#8217;emploi<\/a><\/p>\n[\/vc_column_text][\/vc_column][\/vc_row]\n<\/div>","protected":false},"excerpt":{"rendered":"<p>[vc_row full_width=\u00a0\u00bbstretch_row\u00a0\u00bb el_class=\u00a0\u00bbsection-about-intro\u00a0\u00bb][vc_column][vc_row_inner][vc_column_inner][vc_column_text el_class=\u00a0\u00bbtitres\u00a0\u00bb] \u00c0 propos [\/vc_column_text][vc_column_text css=\u00a0\u00bb\u00a0\u00bb el_class=\u00a0\u00bbparagraphe\u00a0\u00bb] Nous sommes une petite \u00e9quipe passionn\u00e9e de quatre amateurs de cannabis qui se consacrent \u00e0 \u00e9lever la barre dans une industrie hautement r\u00e9glement\u00e9e. Contrairement aux grandes entreprises qui travaillent \u00e0 la cha\u00eene, nous croyons en une approche pratique qui respecte l&rsquo;artisanat. Ici, chaque plante est cultiv\u00e9e avec soin, chaque \u00e9tape est &#8230;<\/p>\n","protected":false},"author":2,"featured_media":0,"parent":0,"menu_order":0,"comment_status":"closed","ping_status":"closed","template":"template-blank-1.php","meta":{"_monsterinsights_skip_tracking":false,"_monsterinsights_sitenote_active":false,"_monsterinsights_sitenote_note":"","_monsterinsights_sitenote_category":0,"footnotes":""},"class_list":["post-382","page","type-page","status-publish","hentry","no-post-thumbnail"],"_links":{"self":[{"href":"https:\/\/309lab.ca\/fr\/wp-json\/wp\/v2\/pages\/382","targetHints":{"allow":["GET"]}}],"collection":[{"href":"https:\/\/309lab.ca\/fr\/wp-json\/wp\/v2\/pages"}],"about":[{"href":"https:\/\/309lab.ca\/fr\/wp-json\/wp\/v2\/types\/page"}],"author":[{"embeddable":true,"href":"https:\/\/309lab.ca\/fr\/wp-json\/wp\/v2\/users\/2"}],"replies":[{"embeddable":true,"href":"https:\/\/309lab.ca\/fr\/wp-json\/wp\/v2\/comments?post=382"}],"version-history":[{"count":19,"href":"https:\/\/309lab.ca\/fr\/wp-json\/wp\/v2\/pages\/382\/revisions"}],"predecessor-version":[{"id":825,"href":"https:\/\/309lab.ca\/fr\/wp-json\/wp\/v2\/pages\/382\/revisions\/825"}],"wp:attachment":[{"href":"https:\/\/309lab.ca\/fr\/wp-json\/wp\/v2\/media?parent=382"}],"curies":[{"name":"wp","href":"https:\/\/api.w.org\/{rel}","templated":true}]}}