{"id":373,"date":"2024-11-13T10:56:50","date_gmt":"2024-11-13T15:56:50","guid":{"rendered":"https:\/\/309lab.ca\/?page_id=373"},"modified":"2024-11-13T11:38:34","modified_gmt":"2024-11-13T16:38:34","slug":"accueil","status":"publish","type":"page","link":"https:\/\/309lab.ca\/fr\/","title":{"rendered":"Accueil"},"content":{"rendered":"<div class=\"wpb-content-wrapper\">[vc_row el_class=\u00a0\u00bbsection-intro\u00a0\u00bb][vc_column][vc_row_inner equal_height=\u00a0\u00bbyes\u00a0\u00bb content_placement=\u00a0\u00bbmiddle\u00a0\u00bb][vc_column_inner width=\u00a0\u00bb5\/12&Prime;][vc_column_text el_class=\u00a0\u00bbtitres\u00a0\u00bb]\n<h1>Bienvenue<br \/>\ndans notre Lab<\/h1>\n[\/vc_column_text][vc_column_text el_class=\u00a0\u00bbparagraphe\u00a0\u00bb]\n<p class=\"p1\">O\u00f9 nous cultivons du cannabis de la meilleure qualit\u00e9 avec passion en utilisant une approche scientifique respectueuse du cycle de vie naturel de nos plantes.<span class=\"s1\"><br \/>\n<\/span><\/p>\n<p><a href=\"\/fr\/a-propos\/\">apprendre \u00e0 nous conna\u00eetre<\/a>[\/vc_column_text][\/vc_column_inner][vc_column_inner width=\u00a0\u00bb7\/12&Prime;][vc_raw_html el_class=\u00a0\u00bbvideo-section\u00a0\u00bb]JTNDdmlkZW8lMjBhdXRvcGxheSUyMGxvb3AlMjBtdXRlZCUyMHBsYXlzaW5saW5lJTIwY2xhc3MlM0QlMjJkZXNrdG9wLXZpZGVvJTIyJTNFJTBBJTA5JTNDc291cmNlJTIwZGF0YS1zcmMlM0QlMjIlMkZ3cC1jb250ZW50JTJGdXBsb2FkcyUyRnZpZGVvJTJGbWFpbi12aWRlby13ZWItMjAyNC5tcDQlMjIlMjB0eXBlJTNEJTIydmlkZW8lMkZtcDQlMjIlMjBzcmMlM0QlMjIlMkZ3cC1jb250ZW50JTJGdXBsb2FkcyUyRnZpZGVvJTJGbWFpbi12aWRlby13ZWItMjAyNC5tcDQlMjIlM0UlMEElM0MlMkZ2aWRlbyUzRQ==[\/vc_raw_html][\/vc_column_inner][\/vc_row_inner][\/vc_column][\/vc_row][vc_row el_class=\u00a0\u00bbsection-animation\u00a0\u00bb][vc_column][vc_column_text el_class=\u00a0\u00bbsous-titres\u00a0\u00bb]\n<h2 style=\"text-align: center;\">L\u2019ENVIRONNEMENT ID\u00c9AL<\/h2>\n[\/vc_column_text][vc_column_text css=\u00a0\u00bb\u00a0\u00bb el_class=\u00a0\u00bbparagraphe\u00a0\u00bb]\n<p class=\"p1\" style=\"text-align: center;\">Nous consid\u00e9rons la culture du cannabis comme un \u00e9quilibre parfait entre l\u2019art et la science. Gr\u00e2ce \u00e0 nos installations int\u00e9rieures \u00e0 la fine pointe de la technologie, nous sommes en mesure de cr\u00e9er un environnement optimal pour nos plantes.<\/p>\n[\/vc_column_text][vc_raw_html]JTNDZGl2JTIwaWQlM0QlMjJhbmltX2NvbnRhaW5lci1mciUyMiUzRSUzQyUyRmRpdiUzRQ==[\/vc_raw_html][vc_raw_html css=\u00a0\u00bb\u00a0\u00bb]JTNDZGl2JTIwY2xhc3MlM0QlMjJtb2JpbGUtYW5pbS1zZWN0aW9uJTIyJTNFJTBBJTA5JTNDZGl2JTIwaWQlM0QlMjJhbmltMDElMjIlM0UlM0MlMkZkaXYlM0UlMEElMDklM0NoMiUyMGNsYXNzJTNEJTIyc291cy10aXRyZXMlMjIlM0VDYXJlZnVsJTIwZ2VuZXRpYyUyMHNlbGVjdGlvbiUzQyUyRmgyJTNFJTBBJTA5JTBBJTA5JTNDZGl2JTIwaWQlM0QlMjJhbmltMDMlMjIlM0UlM0MlMkZkaXYlM0UlMEElMDklM0NoMiUyMGNsYXNzJTNEJTIyc291cy10aXRyZXMlMjIlM0VsZWQlMjBsaWdodGluZyUzQyUyRmgyJTNFJTBBJTA5JTBBJTA5JTNDZGl2JTIwaWQlM0QlMjJhbmltMDUlMjIlM0UlM0MlMkZkaXYlM0UlMEElMDklM0NoMiUyMGNsYXNzJTNEJTIyc291cy10aXRyZXMlMjIlM0VpbnRlZ3JhdGVkJTIwcGVzdCUyMG1hbmFnZW1lbnQlM0MlMkZoMiUzRSUwQSUwQSUwOSUzQ2RpdiUyMGlkJTNEJTIyYW5pbS1oYW5kd2F0ZXJpbmclMjIlM0UlM0MlMkZkaXYlM0UlMEElMDklM0NoMiUyMGNsYXNzJTNEJTIyc291cy10aXRyZXMlMjIlM0VoYW5kJTIwd2F0ZXJpbmclM0MlMkZoMiUzRSUwQSUwQSUwOSUzQ2RpdiUyMGlkJTNEJTIyYW5pbTA2JTIyJTNFJTNDJTJGZGl2JTNFJTBBJTA5JTNDaDIlMjBjbGFzcyUzRCUyMnNvdXMtdGl0cmVzJTIyJTNFc2xvdyUyMGRyeSUzQyUyRmgyJTNFJTBBJTA5JTBBJTA5JTNDZGl2JTIwaWQlM0QlMjJhbmltMDclMjIlM0UlM0MlMkZkaXYlM0UlMEElMDklM0NoMiUyMGNsYXNzJTNEJTIyc291cy10aXRyZXMlMjIlM0VoYW5kJTIwdHJpbSUzQyUyRmgyJTNFJTBBJTA5JTBBJTA5JTNDZGl2JTIwaWQlM0QlMjJhbmltLXJlYWxjdXJlJTIyJTNFJTNDJTJGZGl2JTNFJTBBJTA5JTNDaDIlMjBjbGFzcyUzRCUyMnNvdXMtdGl0cmVzJTIyJTNFcmVhbCUyMGN1cmUlM0MlMkZoMiUzRSUwQSUwOSUwQSUzQyUyRmRpdiUzRQ==[\/vc_raw_html][vc_column_text]\n<p style=\"text-align: center;\"><a href=\"\/fr\/methodologie\/\">Apprenez-en plus sur nos m\u00e9thodes<\/a><\/p>\n[\/vc_column_text][\/vc_column][\/vc_row][vc_row full_width=\u00a0\u00bbstretch_row\u00a0\u00bb el_class=\u00a0\u00bbsection-high-quality\u00a0\u00bb][vc_column][vc_row_inner content_placement=\u00a0\u00bbmiddle\u00a0\u00bb][vc_column_inner width=\u00a0\u00bb1\/2&Prime;][vc_column_text el_class=\u00a0\u00bbtitres\u00a0\u00bb]\n<h1 style=\"text-align: right;\">Cannabis de<br \/>\nhaute qualit\u00e9<\/h1>\n[\/vc_column_text][vc_column_text el_class=\u00a0\u00bbsous-titres\u00a0\u00bb]\n<h2 style=\"text-align: right;\">CULTIV\u00c9 AVEC SOIN<\/h2>\n[\/vc_column_text][\/vc_column_inner][vc_column_inner width=\u00a0\u00bb1\/2&Prime;][vc_column_text el_class=\u00a0\u00bbparagraphe\u00a0\u00bb]\n<p class=\"p1\">Chez 309 LAB, nous croyons que tout ce que nous faisons doit \u00eatre align\u00e9 avec notre mission de produire syst\u00e9matiquement du cannabis de la meilleure qualit\u00e9 possible. Nous cultivons du cannabis artisanal dont nous sommes fiers.<\/p>\n<p class=\"p1\">Passionn\u00e9s de cannabis et amoureux de nature, nous adoptons une approche scientifique minutieuse et \u00e9volutive refl\u00e9tant nos connaissances et nos exp\u00e9riences collectives. Nous sommes rassembl\u00e9s par la passion de prendre soin de nos plantes.<\/p>\n[\/vc_column_text][\/vc_column_inner][\/vc_row_inner][\/vc_column][\/vc_row][vc_row full_width=\u00a0\u00bbstretch_row\u00a0\u00bb content_placement=\u00a0\u00bbmiddle\u00a0\u00bb el_class=\u00a0\u00bbsection-3-points\u00a0\u00bb][vc_column][vc_row_inner el_class=\u00a0\u00bbsection-inner-chiffres\u00a0\u00bb][vc_column_inner width=\u00a0\u00bb1\/3&Prime;][vc_column_text el_class=\u00a0\u00bbchiffres\u00a0\u00bb]01.[\/vc_column_text][vc_column_text el_class=\u00a0\u00bbsous-titres\u00a0\u00bb]\n<h2>Artisanal<\/h2>\n[\/vc_column_text][vc_column_text el_class=\u00a0\u00bbparagraphe\u00a0\u00bb]\n<p class=\"p1\">Petite production, coup\u00e9 \u00e0 la main, s\u00e9ch\u00e9 et affin\u00e9 de fa\u00e7on artisanale.<\/p>\n[\/vc_column_text][\/vc_column_inner][vc_column_inner width=\u00a0\u00bb1\/3&Prime;][vc_column_text el_class=\u00a0\u00bbchiffres\u00a0\u00bb]02.[\/vc_column_text][vc_column_text el_class=\u00a0\u00bbsous-titres\u00a0\u00bb]\n<h2>Innovateur<\/h2>\n[\/vc_column_text][vc_column_text css=\u00a0\u00bb\u00a0\u00bb el_class=\u00a0\u00bbparagraphe\u00a0\u00bb]\n<p class=\"p1\">Installations ultramodernes, tourn\u00e9es vers l&rsquo;avenir, dot\u00e9es d&rsquo;un syst\u00e8me d&rsquo;\u00e9clairage LED complet.<\/p>\n[\/vc_column_text][\/vc_column_inner][vc_column_inner width=\u00a0\u00bb1\/3&Prime;][vc_column_text el_class=\u00a0\u00bbchiffres\u00a0\u00bb]03.[\/vc_column_text][vc_column_text el_class=\u00a0\u00bbsous-titres\u00a0\u00bb]\n<h2>Respectueux<\/h2>\n[\/vc_column_text][vc_column_text css=\u00a0\u00bb\u00a0\u00bb el_class=\u00a0\u00bbparagraphe\u00a0\u00bb]\n<p class=\"p1\">Respect de la plante et de son cycle de vie naturel, respect de notre environnement.<\/p>\n[\/vc_column_text][\/vc_column_inner][\/vc_row_inner]<div class='gambit_parallax_row' data-bg-align='' data-direction='up' data-opacity='100' data-velocity='-0.3' data-mobile-enabled='parallax-enable-mobile' data-bg-height='589' data-bg-width='1368' data-bg-image='https:\/\/309lab.ca\/wp-content\/uploads\/2024\/11\/weed-forest.jpg.jpg' data-bg-repeat='false' data-id='' style='display: none'><\/div>[\/vc_column][\/vc_row][vc_row full_width=\u00a0\u00bbstretch_row\u00a0\u00bb equal_height=\u00a0\u00bbyes\u00a0\u00bb content_placement=\u00a0\u00bbmiddle\u00a0\u00bb el_class=\u00a0\u00bbsection-309lab desktop-only\u00a0\u00bb][vc_column width=\u00a0\u00bb1\/12&Prime;][vc_single_image image=\u00a0\u00bb810&Prime; img_size=\u00a0\u00bbfull\u00a0\u00bb css_animation=\u00a0\u00bbfadeInDown\u00a0\u00bb css=\u00a0\u00bb\u00a0\u00bb][vc_single_image image=\u00a0\u00bb808&Prime; img_size=\u00a0\u00bbfull\u00a0\u00bb css_animation=\u00a0\u00bbfadeInUp\u00a0\u00bb css=\u00a0\u00bb\u00a0\u00bb][\/vc_column][vc_column width=\u00a0\u00bb4\/12&Prime;][vc_column_text css_animation=\u00a0\u00bbfadeInRight\u00a0\u00bb css=\u00a0\u00bb\u00a0\u00bb el_class=\u00a0\u00bbdetails gris-pale\u00a0\u00bb]Technologie de pointe<\/p>\n<p>Petit lot, qualit\u00e9 sup\u00e9rieure<\/p>\n<p class=\"p1\">Coupe \u00e0 la main, s\u00e9chage lent<\/p>\n[\/vc_column_text][vc_column_text css_animation=\u00a0\u00bbfadeInRight\u00a0\u00bb css=\u00a0\u00bb\u00a0\u00bb el_class=\u00a0\u00bbdetails vert-fonce\u00a0\u00bb]\n<p class=\"p1\">Nature sauvage sous-d\u00e9velopp\u00e9e<\/p>\n<p>L\u2019endroit des cr\u00e9atifs et des libres-penseurs<\/p>\n<p>O\u00f9 l\u2019amour de la nature est une passion commune[\/vc_column_text][\/vc_column][vc_column width=\u00a0\u00bb7\/12&Prime; css=\u00a0\u00bb.vc_custom_1731515911512{background-image: url(https:\/\/309lab.ca\/wp-content\/uploads\/2024\/11\/weed-forest.jpg?id=814) !important;background-position: center !important;background-repeat: no-repeat !important;background-size: cover !important;}\u00a0\u00bb][\/vc_column][\/vc_row][vc_row full_width=\u00a0\u00bbstretch_row\u00a0\u00bb equal_height=\u00a0\u00bbyes\u00a0\u00bb content_placement=\u00a0\u00bbmiddle\u00a0\u00bb el_class=\u00a0\u00bbsection-309lab iphone-only ipad-only\u00a0\u00bb][vc_column width=\u00a0\u00bb1\/2&Prime;][vc_single_image image=\u00a0\u00bb808&Prime; img_size=\u00a0\u00bbfull\u00a0\u00bb css_animation=\u00a0\u00bbfadeInUp\u00a0\u00bb css=\u00a0\u00bb\u00a0\u00bb el_class=\u00a0\u00bbimage-309&Prime;][vc_column_text css_animation=\u00a0\u00bbfadeInRight\u00a0\u00bb el_class=\u00a0\u00bbdetails vert-fonce\u00a0\u00bb]\n<p class=\"p1\">Exp\u00e9riences locales authentiques<\/p>\n<p class=\"p1\">Beaut\u00e9 rurale et bucolique<\/p>\n<p class=\"p1\">Nature sauvage sous-d\u00e9velopp\u00e9e<\/p>\n<p>L\u2019endroit des cr\u00e9atifs et des libres-penseurs<\/p>\n<p>O\u00f9 l\u2019amour de la nature est une passion commune<\/p>\n[\/vc_column_text][\/vc_column][vc_column width=\u00a0\u00bb1\/2&Prime;][vc_single_image image=\u00a0\u00bb810&Prime; img_size=\u00a0\u00bbfull\u00a0\u00bb css_animation=\u00a0\u00bbfadeInDown\u00a0\u00bb css=\u00a0\u00bb\u00a0\u00bb][vc_column_text css_animation=\u00a0\u00bbfadeInRight\u00a0\u00bb el_class=\u00a0\u00bbdetails gris-pale\u00a0\u00bb]\n<p class=\"p1\">Excellente m\u00e9thode de caract\u00e9risation<\/p>\n<p class=\"p1\">S\u00e9lection minutieuse des g\u00e9n\u00e9tiques<\/p>\n<p>Technologie de pointe<\/p>\n<p>Petit lot, qualit\u00e9 sup\u00e9rieure<\/p>\n<p class=\"p1\">Coupe \u00e0 la main, s\u00e9chage lent<\/p>\n[\/vc_column_text][\/vc_column][\/vc_row][vc_row full_width=\u00a0\u00bbstretch_row_content_no_spaces\u00a0\u00bb el_class=\u00a0\u00bbiphone-only ipad-only\u00a0\u00bb][vc_column][vc_single_image image=\u00a0\u00bb43&Prime; img_size=\u00a0\u00bbfull\u00a0\u00bb alignment=\u00a0\u00bbcenter\u00a0\u00bb][\/vc_column][\/vc_row][vc_row el_class=\u00a0\u00bbsection-newsletter\u00a0\u00bb][vc_column][vc_column_text]\n<h2 style=\"text-align: center;\">Vous aimeriez rester en contact?<\/h2>\n<p class=\"p1\" style=\"text-align: center;\">Nous vous enverrons des nouvelles. Inscrivez-vous \u00e0 notre info lettre pour \u00eatre au courant de toutes nos publications.<\/p>\n[\/vc_column_text][vc_column_text el_class=\u00a0\u00bbnewsletter-form\u00a0\u00bb]<script>(function() {\n\twindow.mc4wp = window.mc4wp || {\n\t\tlisteners: [],\n\t\tforms: {\n\t\t\ton: function(evt, cb) {\n\t\t\t\twindow.mc4wp.listeners.push(\n\t\t\t\t\t{\n\t\t\t\t\t\tevent   : evt,\n\t\t\t\t\t\tcallback: cb\n\t\t\t\t\t}\n\t\t\t\t);\n\t\t\t}\n\t\t}\n\t}\n})();\n<\/script><!-- Mailchimp for WordPress v4.12.1 - https:\/\/wordpress.org\/plugins\/mailchimp-for-wp\/ --><form id=\"mc4wp-form-1\" class=\"mc4wp-form mc4wp-form-436\" method=\"post\" data-id=\"436\" data-name=\"Infolettre\" ><div class=\"mc4wp-form-fields\"><p>\r\n\t\r\n\t\t<input type=\"email\" name=\"EMAIL\" placeholder=\"Entrez votre courriel\" required \/>\r\n\r\n<\/p>\r\n\r\n<p>\r\n\t<input type=\"submit\" value=\"Abonnez-vous\" \/>\r\n<\/p><\/div><label style=\"display: none !important;\">Laissez ce champ vide si vous \u00eates humain\u00a0: <input type=\"text\" name=\"_mc4wp_honeypot\" value=\"\" tabindex=\"-1\" autocomplete=\"off\" \/><\/label><input type=\"hidden\" name=\"_mc4wp_timestamp\" value=\"1776212738\" \/><input type=\"hidden\" name=\"_mc4wp_form_id\" value=\"436\" \/><input type=\"hidden\" name=\"_mc4wp_form_element_id\" value=\"mc4wp-form-1\" \/><div class=\"mc4wp-response\"><\/div><\/form><!-- \/ Mailchimp for WordPress Plugin -->[\/vc_column_text][\/vc_column][\/vc_row]\n<\/div>","protected":false},"excerpt":{"rendered":"<p>[vc_row el_class=\u00a0\u00bbsection-intro\u00a0\u00bb][vc_column][vc_row_inner equal_height=\u00a0\u00bbyes\u00a0\u00bb content_placement=\u00a0\u00bbmiddle\u00a0\u00bb][vc_column_inner width=\u00a0\u00bb5\/12&Prime;][vc_column_text el_class=\u00a0\u00bbtitres\u00a0\u00bb] Bienvenue dans notre Lab [\/vc_column_text][vc_column_text el_class=\u00a0\u00bbparagraphe\u00a0\u00bb] O\u00f9 nous cultivons du cannabis de la meilleure qualit\u00e9 avec passion en utilisant une approche scientifique respectueuse du cycle de vie naturel de nos plantes. apprendre \u00e0 nous conna\u00eetre[\/vc_column_text][\/vc_column_inner][vc_column_inner width=\u00a0\u00bb7\/12&Prime;][vc_raw_html el_class=\u00a0\u00bbvideo-section\u00a0\u00bb]JTNDdmlkZW8lMjBhdXRvcGxheSUyMGxvb3AlMjBtdXRlZCUyMHBsYXlzaW5saW5lJTIwY2xhc3MlM0QlMjJkZXNrdG9wLXZpZGVvJTIyJTNFJTBBJTA5JTNDc291cmNlJTIwZGF0YS1zcmMlM0QlMjIlMkZ3cC1jb250ZW50JTJGdXBsb2FkcyUyRnZpZGVvJTJGbWFpbi12aWRlby13ZWItMjAyNC5tcDQlMjIlMjB0eXBlJTNEJTIydmlkZW8lMkZtcDQlMjIlMjBzcmMlM0QlMjIlMkZ3cC1jb250ZW50JTJGdXBsb2FkcyUyRnZpZGVvJTJGbWFpbi12aWRlby13ZWItMjAyNC5tcDQlMjIlM0UlMEElM0MlMkZ2aWRlbyUzRQ==[\/vc_raw_html][\/vc_column_inner][\/vc_row_inner][\/vc_column][\/vc_row][vc_row el_class=\u00a0\u00bbsection-animation\u00a0\u00bb][vc_column][vc_column_text el_class=\u00a0\u00bbsous-titres\u00a0\u00bb] L\u2019ENVIRONNEMENT ID\u00c9AL [\/vc_column_text][vc_column_text css=\u00a0\u00bb\u00a0\u00bb el_class=\u00a0\u00bbparagraphe\u00a0\u00bb] Nous consid\u00e9rons la culture du cannabis comme un \u00e9quilibre parfait &#8230;<\/p>\n","protected":false},"author":2,"featured_media":0,"parent":0,"menu_order":0,"comment_status":"closed","ping_status":"closed","template":"template-blank-1.php","meta":{"_monsterinsights_skip_tracking":false,"_monsterinsights_sitenote_active":false,"_monsterinsights_sitenote_note":"","_monsterinsights_sitenote_category":0,"footnotes":""},"class_list":["post-373","page","type-page","status-publish","hentry","no-post-thumbnail"],"_links":{"self":[{"href":"https:\/\/309lab.ca\/fr\/wp-json\/wp\/v2\/pages\/373","targetHints":{"allow":["GET"]}}],"collection":[{"href":"https:\/\/309lab.ca\/fr\/wp-json\/wp\/v2\/pages"}],"about":[{"href":"https:\/\/309lab.ca\/fr\/wp-json\/wp\/v2\/types\/page"}],"author":[{"embeddable":true,"href":"https:\/\/309lab.ca\/fr\/wp-json\/wp\/v2\/users\/2"}],"replies":[{"embeddable":true,"href":"https:\/\/309lab.ca\/fr\/wp-json\/wp\/v2\/comments?post=373"}],"version-history":[{"count":9,"href":"https:\/\/309lab.ca\/fr\/wp-json\/wp\/v2\/pages\/373\/revisions"}],"predecessor-version":[{"id":818,"href":"https:\/\/309lab.ca\/fr\/wp-json\/wp\/v2\/pages\/373\/revisions\/818"}],"wp:attachment":[{"href":"https:\/\/309lab.ca\/fr\/wp-json\/wp\/v2\/media?parent=373"}],"curies":[{"name":"wp","href":"https:\/\/api.w.org\/{rel}","templated":true}]}}